{"id":2381,"date":"2025-11-13T16:03:10","date_gmt":"2025-11-13T15:03:10","guid":{"rendered":"https:\/\/guido-saverio-coach.com\/?page_id=2381"},"modified":"2025-11-13T23:46:50","modified_gmt":"2025-11-13T22:46:50","slug":"coaching-regeneratif-recharge-ton-cerveau-pas-ta-to-do-list","status":"publish","type":"page","link":"https:\/\/guido-saverio-coach.com\/?page_id=2381","title":{"rendered":"Coaching R\u00e9g\u00e9n\u00e9ratif : Recharge ton cerveau, pas ta to-do list"},"content":{"rendered":"\n<p>Le monde va trop vite. Tes notifications explosent, ton planning d\u00e9borde, et toi\u2026 t\u2019as juste envie de respirer. Mais personne ne t\u2019apprend \u00e0 ralentir. Jusqu\u2019\u00e0 maintenant.<\/p>\n\n\n\n<p>Le <strong>Coaching R\u00e9g\u00e9n\u00e9ratif<\/strong>, cr\u00e9\u00e9 par <strong>Guido Saverio<\/strong>, ne te promet pas de \u201cfaire plus\u201d. Il te montre comment <strong>recharger tes batteries, reconnecter avec toi-m\u00eame et avancer plus vite\u2026 en faisant moins<\/strong>.<\/p>\n\n\n\n<p>R\u00e9sultat ? Tu g\u00e8res ton stress, tu reprends le contr\u00f4le de ton \u00e9nergie et tu deviens vraiment productif. Fini le burn-out d\u00e9guis\u00e9 en succ\u00e8s.<\/p>\n\n\n\n<p>Dans un monde qui court, il est temps de penser <strong>r\u00e9g\u00e9n\u00e9ratif<\/strong>, pas r\u00e9actif. Respire. Recharge. Reviens plus fort.<\/p>\n\n\n\n<figure class=\"wp-block-embed aligncenter is-type-wp-embed is-provider-le-nouveau-coaching-pour-un-monde-qui-va-trop-vite wp-block-embed-le-nouveau-coaching-pour-un-monde-qui-va-trop-vite\"><div class=\"wp-block-embed__wrapper\">\n<blockquote class=\"wp-embedded-content\" data-secret=\"1JVEp7msJg\"><a href=\"https:\/\/guido-saverio-coach.com\/?page_id=2399\">PROTOCOLE D\u2019AUTO-COACHING R\u00c9G\u00c9N\u00c9RATIF (10\u201315 min)<\/a><\/blockquote><iframe class=\"wp-embedded-content\" sandbox=\"allow-scripts\" security=\"restricted\" style=\"position: absolute; clip: rect(1px, 1px, 1px, 1px);\" title=\"\u00ab\u00a0PROTOCOLE D\u2019AUTO-COACHING R\u00c9G\u00c9N\u00c9RATIF (10\u201315 min)\u00a0\u00bb &#8212; Le nouveau coaching pour un monde qui va trop vite.\" src=\"https:\/\/guido-saverio-coach.com\/?page_id=2399&#038;embed=true#?secret=zEr648mERp#?secret=1JVEp7msJg\" data-secret=\"1JVEp7msJg\" width=\"600\" height=\"338\" frameborder=\"0\" marginwidth=\"0\" marginheight=\"0\" scrolling=\"no\"><\/iframe>\n<\/div><\/figure>\n","protected":false},"excerpt":{"rendered":"<p>Le monde va trop vite. Tes notifications explosent, ton planning d\u00e9borde, et toi\u2026 t\u2019as juste envie de respirer. Mais personne ne t\u2019apprend \u00e0 ralentir. Jusqu\u2019\u00e0 maintenant. Le Coaching R\u00e9g\u00e9n\u00e9ratif, cr\u00e9\u00e9 par Guido Saverio, ne te promet pas de \u201cfaire plus\u201d&#8230;. <a href=\"https:\/\/guido-saverio-coach.com\/?page_id=2381\" class=\"readmore\">Read more<span class=\"screen-reader-text\">Coaching R\u00e9g\u00e9n\u00e9ratif : Recharge ton cerveau, pas ta to-do list<\/span><span class=\"fa fa-angle-double-right\" aria-hidden=\"true\"><\/span><\/a><\/p>\n","protected":false},"author":1,"featured_media":0,"parent":0,"menu_order":0,"comment_status":"closed","ping_status":"closed","template":"","meta":{"footnotes":""},"_links":{"self":[{"href":"https:\/\/guido-saverio-coach.com\/index.php?rest_route=\/wp\/v2\/pages\/2381"}],"collection":[{"href":"https:\/\/guido-saverio-coach.com\/index.php?rest_route=\/wp\/v2\/pages"}],"about":[{"href":"https:\/\/guido-saverio-coach.com\/index.php?rest_route=\/wp\/v2\/types\/page"}],"author":[{"embeddable":true,"href":"https:\/\/guido-saverio-coach.com\/index.php?rest_route=\/wp\/v2\/users\/1"}],"replies":[{"embeddable":true,"href":"https:\/\/guido-saverio-coach.com\/index.php?rest_route=%2Fwp%2Fv2%2Fcomments&post=2381"}],"version-history":[{"count":2,"href":"https:\/\/guido-saverio-coach.com\/index.php?rest_route=\/wp\/v2\/pages\/2381\/revisions"}],"predecessor-version":[{"id":2404,"href":"https:\/\/guido-saverio-coach.com\/index.php?rest_route=\/wp\/v2\/pages\/2381\/revisions\/2404"}],"wp:attachment":[{"href":"https:\/\/guido-saverio-coach.com\/index.php?rest_route=%2Fwp%2Fv2%2Fmedia&parent=2381"}],"curies":[{"name":"wp","href":"https:\/\/api.w.org\/{rel}","templated":true}]}}