{"id":2414,"date":"2025-11-28T19:00:15","date_gmt":"2025-11-28T18:00:15","guid":{"rendered":"https:\/\/guido-saverio-coach.com\/?page_id=2414"},"modified":"2025-11-28T19:00:15","modified_gmt":"2025-11-28T18:00:15","slug":"test-de-motivation","status":"publish","type":"page","link":"https:\/\/guido-saverio-coach.com\/?page_id=2414","title":{"rendered":"Test de Motivation"},"content":{"rendered":"\n<div class=\"quiz-container\" id=\"quiz-motivation\">\n    <h2>Test de Motivation<\/h2>\n    <div id=\"quiz-content-motivation\"><\/div>\n    <div class=\"result\" id=\"result-motivation\"><\/div>\n<\/div>\n\n<style>\n.quiz-container { background:#fff; padding:25px; border-radius:10px; box-shadow:0 0 15px rgba(0,0,0,0.2); max-width:500px; margin:20px auto; font-family:Arial,sans-serif; }\n.quiz-container h2{text-align:center;}\n.question{margin-bottom:15px;font-weight:bold;}\n.answers button{display:block;margin:5px 0;padding:10px;width:100%;border:none;border-radius:8px;background:#27ae60;color:#fff;cursor:pointer;font-size:16px;}\n.answers button:hover{background:#1e8449;}\n.result{text-align:center;margin-top:15px;}\n<\/style>\n\n<script>\n(function(){\nconst quizData=[\n{question:\"Je commence mes journ\u00e9es avec \u00e9nergie et motivation ?\", answers:[{text:\"Toujours\",score:4},{text:\"Souvent\",score:3},{text:\"Parfois\",score:2},{text:\"Rarement\",score:1}]},\n{question:\"Je me fixe des objectifs clairs ?\", answers:[{text:\"Toujours\",score:4},{text:\"Souvent\",score:3},{text:\"Parfois\",score:2},{text:\"Rarement\",score:1}]},\n{question:\"Je prends des initiatives sans attendre ?\", answers:[{text:\"Toujours\",score:4},{text:\"Souvent\",score:3},{text:\"Parfois\",score:2},{text:\"Rarement\",score:1}]},\n{question:\"Je reste motiv\u00e9(e) m\u00eame face aux obstacles ?\", answers:[{text:\"Toujours\",score:4},{text:\"Souvent\",score:3},{text:\"Parfois\",score:2},{text:\"Rarement\",score:1}]},\n{question:\"Je c\u00e9l\u00e8bre mes r\u00e9ussites ?\", answers:[{text:\"Toujours\",score:4},{text:\"Souvent\",score:3},{text:\"Parfois\",score:2},{text:\"Rarement\",score:1}]},\n{question:\"Je planifie mes t\u00e2ches pour rester efficace ?\", answers:[{text:\"Toujours\",score:4},{text:\"Souvent\",score:3},{text:\"Parfois\",score:2},{text:\"Rarement\",score:1}]},\n{question:\"Je me sens responsable de mes r\u00e9sultats ?\", answers:[{text:\"Toujours\",score:4},{text:\"Souvent\",score:3},{text:\"Parfois\",score:2},{text:\"Rarement\",score:1}]},\n{question:\"Je m\u2019inspire d\u2019exemples ou mentors ?\", answers:[{text:\"Toujours\",score:4},{text:\"Souvent\",score:3},{text:\"Parfois\",score:2},{text:\"Rarement\",score:1}]},\n{question:\"Je d\u00e9passe mes limites pour progresser ?\", answers:[{text:\"Toujours\",score:4},{text:\"Souvent\",score:3},{text:\"Parfois\",score:2},{text:\"Rarement\",score:1}]},\n{question:\"Je reste optimiste malgr\u00e9 les difficult\u00e9s ?\", answers:[{text:\"Toujours\",score:4},{text:\"Souvent\",score:3},{text:\"Parfois\",score:2},{text:\"Rarement\",score:1}]}\n];\n\nlet currentQuestion=0, score=0;\nconst quizEl=document.getElementById('quiz-content-motivation');\nconst resultEl=document.getElementById('result-motivation');\n\nfunction loadQuestion(){if(currentQuestion>=quizData.length){showResult();return;}\nconst q=quizData[currentQuestion];\nquizEl.innerHTML=`<div class=\"question\">${q.question}<\/div><div class=\"answers\">${q.answers.map(a=>`<button onclick=\"selectAnswer(${a.score})\">${a.text}<\/button>`).join('')}<\/div>`;}\n\nwindow.selectAnswer=function(s){score+=s; currentQuestion++; loadQuestion();}\n\nfunction showResult(){\nlet message=\"\";\nif(score>=35){message=\"Tr\u00e8s motiv\u00e9(e) ! Exploitez pleinement votre potentiel.\";}\nelse if(score>=25){message=\"Bonne motivation. Renforcez la constance et la discipline.\";}\nelse if(score>=15){message=\"Motivation fluctuante. Fixez des objectifs clairs et atteignables.\";}\nelse{message=\"Motivation faible. Identifiez vos freins et passions pour avancer.\";}\nquizEl.style.display='none';\nresultEl.innerHTML=`<h3>R\u00e9sultat : ${score} \/ 40<\/h3><p>${message}<\/p>`;}\n\nloadQuestion();\n})();\n<\/script>\n\n","protected":false},"excerpt":{"rendered":"<p>Test de Motivation<\/p>\n","protected":false},"author":1,"featured_media":0,"parent":0,"menu_order":0,"comment_status":"closed","ping_status":"closed","template":"","meta":{"footnotes":""},"_links":{"self":[{"href":"https:\/\/guido-saverio-coach.com\/index.php?rest_route=\/wp\/v2\/pages\/2414"}],"collection":[{"href":"https:\/\/guido-saverio-coach.com\/index.php?rest_route=\/wp\/v2\/pages"}],"about":[{"href":"https:\/\/guido-saverio-coach.com\/index.php?rest_route=\/wp\/v2\/types\/page"}],"author":[{"embeddable":true,"href":"https:\/\/guido-saverio-coach.com\/index.php?rest_route=\/wp\/v2\/users\/1"}],"replies":[{"embeddable":true,"href":"https:\/\/guido-saverio-coach.com\/index.php?rest_route=%2Fwp%2Fv2%2Fcomments&post=2414"}],"version-history":[{"count":1,"href":"https:\/\/guido-saverio-coach.com\/index.php?rest_route=\/wp\/v2\/pages\/2414\/revisions"}],"predecessor-version":[{"id":2416,"href":"https:\/\/guido-saverio-coach.com\/index.php?rest_route=\/wp\/v2\/pages\/2414\/revisions\/2416"}],"wp:attachment":[{"href":"https:\/\/guido-saverio-coach.com\/index.php?rest_route=%2Fwp%2Fv2%2Fmedia&parent=2414"}],"curies":[{"name":"wp","href":"https:\/\/api.w.org\/{rel}","templated":true}]}}