{"id":27,"date":"2023-08-20T00:15:12","date_gmt":"2023-08-19T22:15:12","guid":{"rendered":"https:\/\/guido-saverio-coach.com\/?page_id=27"},"modified":"2025-11-08T21:46:54","modified_gmt":"2025-11-08T20:46:54","slug":"a-propos","status":"publish","type":"page","link":"https:\/\/guido-saverio-coach.com\/?page_id=27","title":{"rendered":"** A PROPOS **"},"content":{"rendered":"\n<p class=\"has-text-align-center has-medium-font-size\"><strong><a href=\"https:\/\/guidosaverio.com\/qui-suis-je\/\">Qui suis-je ?<\/a><\/strong><\/p>\n\n\n\n<h3 class=\"wp-block-heading\">\u00c0 propos de l&rsquo;auteur : <strong>Guido SAVERIO<\/strong><\/h3>\n\n\n\n<p>Depuis 1984, <strong>Guido SAVERIO<\/strong> est une figure incontournable du d\u00e9veloppement personnel. Il a bouscul\u00e9 les codes et refus\u00e9 de se conformer aux m\u00e9thodes traditionnelles du secteur, celles qui offrent des promesses creuses et des solutions toutes faites. Son approche ? R\u00e9aliste, crue et sans compromis.<\/p>\n\n\n\n<p>Il a fait de la <strong>v\u00e9rit\u00e9 brutale<\/strong> son mantra. Pour lui, la vie <strong>n\u2019est ni juste, ni parfaite<\/strong>, et courir apr\u00e8s un bonheur id\u00e9alis\u00e9 est une <strong>perte de temps<\/strong>. <strong>Accepter l\u2019\u00e9chec, la souffrance et l\u2019imperfection<\/strong> est la seule voie pour avancer v\u00e9ritablement. Son enseignement repose sur un principe fondamental : <strong>\u00ab\u00a0Affronte la r\u00e9alit\u00e9, abandonne les illusions, et vis enfin pour de vrai.\u00a0\u00bb<\/strong><\/p>\n\n\n\n<p>Cette philosophie, qui fait de la <strong>responsabilit\u00e9 personnelle<\/strong> et de l\u2019<strong>authenticit\u00e9<\/strong> des valeurs primordiales, est un v\u00e9ritable souffle de libert\u00e9. Dans un monde o\u00f9 tout le monde cherche \u00e0 plaire, \u00e0 fuir la v\u00e9rit\u00e9 ou \u00e0 vendre des r\u00eaves, Guido a choisi de suivre une voie \u00e0 contre-courant, celle de <strong>vivre sans excuses, sans faux-semblants<\/strong>, et surtout, sans bullshit.<\/p>\n\n\n\n<p>Sa m\u00e9thode ne se cache pas derri\u00e8re des clich\u00e9s ou des formules magiques. Elle <strong>\u00e9veille<\/strong>, <strong>secoue<\/strong>, et pousse \u00e0 l\u2019action. Parce que pour lui, c\u2019est <strong>en affrontant la r\u00e9alit\u00e9<\/strong>, sans se laisser berner par des illusions rassurantes, qu\u2019on trouve la vraie libert\u00e9. Vous allez d\u00e9tester sa brutalit\u00e9, mais au final, vous ne pourrez plus vous en passer.<\/p>\n\n\n\n<hr class=\"wp-block-separator has-alpha-channel-opacity\"\/>\n\n\n\n<p><\/p>\n\n\n\n<div class=\"wp-block-columns is-layout-flex wp-container-core-columns-is-layout-1 wp-block-columns-is-layout-flex\">\n<div class=\"wp-block-column is-layout-flow wp-block-column-is-layout-flow\">\n<p class=\"has-medium-font-size\"><strong>\u00c0 Propos de Guido Saverio<\/strong><\/p>\n\n\n\n<p><a href=\"https:\/\/guidosaverio.com\">https:\/\/guidosaverio.com<\/a><\/p>\n<\/div>\n\n\n\n<div class=\"wp-block-column is-layout-flow wp-block-column-is-layout-flow\">\n<figure class=\"wp-block-video\"><video controls src=\"https:\/\/guido-saverio-coach.com\/wp-content\/uploads\/2023\/08\/Video-de-Presentation-pour-Start-up-Domaine-Energetique-Moderne-en-Noir-Bleu-et-Jaune.mp4\"><\/video><\/figure>\n<\/div>\n<\/div>\n\n\n\n<figure class=\"wp-block-video\"><video controls src=\"https:\/\/guido-saverio-coach.com\/wp-content\/uploads\/2023\/12\/Quel-film-resume-le-mieux-ma-vie-actuelle.mp4\"><\/video><\/figure>\n","protected":false},"excerpt":{"rendered":"<p>Qui suis-je ? \u00c0 propos de l&rsquo;auteur : Guido SAVERIO Depuis 1984, Guido SAVERIO est une figure incontournable du d\u00e9veloppement personnel. Il a bouscul\u00e9 les codes et refus\u00e9 de se conformer aux m\u00e9thodes traditionnelles du secteur, celles qui offrent des&#8230; <a href=\"https:\/\/guido-saverio-coach.com\/?page_id=27\" class=\"readmore\">Read more<span class=\"screen-reader-text\">** A PROPOS **<\/span><span class=\"fa fa-angle-double-right\" aria-hidden=\"true\"><\/span><\/a><\/p>\n","protected":false},"author":1,"featured_media":0,"parent":0,"menu_order":0,"comment_status":"closed","ping_status":"closed","template":"","meta":{"footnotes":""},"_links":{"self":[{"href":"https:\/\/guido-saverio-coach.com\/index.php?rest_route=\/wp\/v2\/pages\/27"}],"collection":[{"href":"https:\/\/guido-saverio-coach.com\/index.php?rest_route=\/wp\/v2\/pages"}],"about":[{"href":"https:\/\/guido-saverio-coach.com\/index.php?rest_route=\/wp\/v2\/types\/page"}],"author":[{"embeddable":true,"href":"https:\/\/guido-saverio-coach.com\/index.php?rest_route=\/wp\/v2\/users\/1"}],"replies":[{"embeddable":true,"href":"https:\/\/guido-saverio-coach.com\/index.php?rest_route=%2Fwp%2Fv2%2Fcomments&post=27"}],"version-history":[{"count":8,"href":"https:\/\/guido-saverio-coach.com\/index.php?rest_route=\/wp\/v2\/pages\/27\/revisions"}],"predecessor-version":[{"id":2220,"href":"https:\/\/guido-saverio-coach.com\/index.php?rest_route=\/wp\/v2\/pages\/27\/revisions\/2220"}],"wp:attachment":[{"href":"https:\/\/guido-saverio-coach.com\/index.php?rest_route=%2Fwp%2Fv2%2Fmedia&parent=27"}],"curies":[{"name":"wp","href":"https:\/\/api.w.org\/{rel}","templated":true}]}}