{"id":325,"date":"2023-08-26T22:22:39","date_gmt":"2023-08-26T20:22:39","guid":{"rendered":"https:\/\/guido-saverio-coach.com\/?page_id=325"},"modified":"2023-08-26T23:28:44","modified_gmt":"2023-08-26T21:28:44","slug":"livre-les-secrets-de-la-manifestation-comment-demander-a-lunivers","status":"publish","type":"page","link":"https:\/\/guido-saverio-coach.com\/?page_id=325","title":{"rendered":"LIVRE &#8211; Les Secrets de la Manifestation : Comment Demander \u00e0 l&rsquo;Univers"},"content":{"rendered":"\n<p class=\"has-medium-font-size\"><strong>Demandez et Vous Recevrez : Utilisez le Pouvoir de l&rsquo;Univers<\/strong><\/p>\n\n\n\n<p>Ecrit par: Guido SAVERIO<\/p>\n\n\n<div class=\"wp-block-image\">\n<figure class=\"aligncenter size-large is-resized\"><img loading=\"lazy\" decoding=\"async\" src=\"https:\/\/guido-saverio-coach.com\/wp-content\/uploads\/2023\/08\/les-tristes-verites-de-la-vie-1-642x1024.png\" alt=\"\" class=\"wp-image-326\" style=\"width:315px;height:502px\" width=\"315\" height=\"502\" srcset=\"https:\/\/guido-saverio-coach.com\/wp-content\/uploads\/2023\/08\/les-tristes-verites-de-la-vie-1-642x1024.png 642w, https:\/\/guido-saverio-coach.com\/wp-content\/uploads\/2023\/08\/les-tristes-verites-de-la-vie-1-188x300.png 188w, https:\/\/guido-saverio-coach.com\/wp-content\/uploads\/2023\/08\/les-tristes-verites-de-la-vie-1-768x1226.png 768w, https:\/\/guido-saverio-coach.com\/wp-content\/uploads\/2023\/08\/les-tristes-verites-de-la-vie-1-963x1536.png 963w, https:\/\/guido-saverio-coach.com\/wp-content\/uploads\/2023\/08\/les-tristes-verites-de-la-vie-1-1283x2048.png 1283w, https:\/\/guido-saverio-coach.com\/wp-content\/uploads\/2023\/08\/les-tristes-verites-de-la-vie-1.png 1410w\" sizes=\"(max-width: 315px) 100vw, 315px\" \/><\/figure><\/div>\n\n\n<p>Sommaire d\u00e9taill\u00e9 :<\/p>\n\n\n\n<p><strong>AVANT-PROPOS<\/strong><\/p>\n\n\n\n<figure class=\"wp-block-audio\"><audio controls src=\"https:\/\/guido-saverio-coach.com\/wp-content\/uploads\/2023\/08\/Avant-propos.mp3\"><\/audio><\/figure>\n\n\n\n<p><strong>Introduction<\/strong><\/p>\n\n\n\n<ul>\n<li>Pr\u00e9sentation de l&rsquo;importance de la loi de l&rsquo;attraction et de la philosophie \u00ab\u00a0Demandez et vous recevrez\u00a0\u00bb.<\/li>\n\n\n\n<li>Contexte sur l&rsquo;utilisation du pouvoir de l&rsquo;univers pour manifester ses d\u00e9sirs et objectifs.<\/li>\n<\/ul>\n\n\n\n<figure class=\"wp-block-audio\"><audio controls src=\"https:\/\/guido-saverio-coach.com\/wp-content\/uploads\/2023\/08\/Introduction-Presentation-.mp3\"><\/audio><\/figure>\n\n\n\n<p><strong>Chapitre 1 : Les Fondements de la Loi de l&rsquo;Attraction<\/strong><\/p>\n\n\n\n<ul>\n<li>Explication des principes fondamentaux de la loi de l&rsquo;attraction.<\/li>\n\n\n\n<li>Discussion sur la relation entre les pens\u00e9es, les \u00e9motions et les manifestations dans la r\u00e9alit\u00e9.<\/li>\n\n\n\n<li>Exemples historiques de l&rsquo;application de cette loi dans diff\u00e9rentes cultures.<\/li>\n<\/ul>\n\n\n\n<figure class=\"wp-block-audio\"><audio controls src=\"https:\/\/guido-saverio-coach.com\/wp-content\/uploads\/2023\/08\/Chapitre-1-Les-Fondements-de-la-Loi-de-lAttraction.mp3\"><\/audio><\/figure>\n\n\n\n<p><strong>Chapitre 2 : Comprendre Vos D\u00e9sirs et Intentions<\/strong><\/p>\n\n\n\n<ul>\n<li>Importance de clarifier ses d\u00e9sirs et ses intentions.<\/li>\n\n\n\n<li>Techniques pour identifier ce que l&rsquo;on souhaite r\u00e9ellement dans la vie.<\/li>\n\n\n\n<li>Comment formuler des objectifs clairs et sp\u00e9cifiques pour une manifestation efficace.<\/li>\n<\/ul>\n\n\n\n<figure class=\"wp-block-audio\"><audio controls src=\"https:\/\/guido-saverio-coach.com\/wp-content\/uploads\/2023\/08\/Chapitre-2-Comprendre-Vos-Desirs-et-Intentions.mp3\"><\/audio><\/figure>\n\n\n\n<p><strong>Chapitre 3 : L&rsquo;Art de la Visualisation<\/strong><\/p>\n\n\n\n<ul>\n<li>Introduction \u00e0 la visualisation cr\u00e9ative comme outil puissant de manifestation.<\/li>\n\n\n\n<li>Instructions d\u00e9taill\u00e9es sur la mani\u00e8re de cr\u00e9er des images mentales positives.<\/li>\n\n\n\n<li>\u00c9tudes de cas illustrant comment la visualisation a fonctionn\u00e9 pour diff\u00e9rentes personnes.<\/li>\n<\/ul>\n\n\n\n<figure class=\"wp-block-audio\"><audio controls src=\"https:\/\/guido-saverio-coach.com\/wp-content\/uploads\/2023\/08\/Chapitre-3-LArt-de-la-Visualisation-.mp3\"><\/audio><\/figure>\n\n\n\n<p><strong>Chapitre 4 : Le Pouvoir des Affirmations<\/strong><\/p>\n\n\n\n<ul>\n<li>Explication de la mani\u00e8re dont les affirmations positives affectent notre \u00e9tat d&rsquo;esprit et notre r\u00e9alit\u00e9.<\/li>\n\n\n\n<li>Comment formuler et utiliser efficacement des affirmations pour attirer ce que l&rsquo;on d\u00e9sire.<\/li>\n\n\n\n<li>Erreurs courantes \u00e0 \u00e9viter lors de l&rsquo;utilisation d&rsquo;affirmations.<\/li>\n<\/ul>\n\n\n\n<figure class=\"wp-block-audio\"><audio controls src=\"https:\/\/guido-saverio-coach.com\/wp-content\/uploads\/2023\/08\/Chapitre-4-Le-Pouvoir-des-Affirmations.mp3\"><\/audio><\/figure>\n\n\n\n<p><strong>Chapitre 5 : Lib\u00e9rer les Blocages et les R\u00e9sistances<\/strong><\/p>\n\n\n\n<ul>\n<li>Discussion sur les blocages mentaux et \u00e9motionnels qui peuvent entraver la manifestation.<\/li>\n\n\n\n<li>Techniques pour identifier et surmonter ces blocages.<\/li>\n\n\n\n<li>L&rsquo;importance du l\u00e2cher-prise et de la confiance envers le processus.<\/li>\n<\/ul>\n\n\n\n<figure class=\"wp-block-audio\"><audio controls src=\"https:\/\/guido-saverio-coach.com\/wp-content\/uploads\/2023\/08\/Chapitre-5-Liberer-les-Blocages-et-les-Resistances.mp3\"><\/audio><\/figure>\n\n\n\n<p><strong>Chapitre 6 : L&rsquo;Univers comme Partenaire<\/strong><\/p>\n\n\n\n<ul>\n<li>Exploration de la notion d&rsquo;univers comme un partenaire collaboratif dans la r\u00e9alisation de nos aspirations.<\/li>\n\n\n\n<li>Comment cultiver une relation positive avec l&rsquo;univers.<\/li>\n\n\n\n<li>Histoires inspirantes de personnes qui ont exp\u00e9riment\u00e9 un soutien \u00ab\u00a0inattendu\u00a0\u00bb de l&rsquo;univers.<\/li>\n<\/ul>\n\n\n\n<figure class=\"wp-block-audio\"><audio controls src=\"https:\/\/guido-saverio-coach.com\/wp-content\/uploads\/2023\/08\/Chapitre-6-LUnivers-comme-Partenaire.mp3\"><\/audio><\/figure>\n\n\n\n<p><strong>Chapitre 7 : Agir et Saisir les Opportunit\u00e9s<\/strong><\/p>\n\n\n\n<ul>\n<li>Rappel sur l&rsquo;importance de l&rsquo;action proactive dans le processus de manifestation.<\/li>\n\n\n\n<li>Comment rep\u00e9rer et saisir les opportunit\u00e9s qui se pr\u00e9sentent.<\/li>\n\n\n\n<li>\u00c9quilibrer l&rsquo;action avec la d\u00e9tente et la confiance.<\/li>\n<\/ul>\n\n\n\n<figure class=\"wp-block-audio\"><audio controls src=\"https:\/\/guido-saverio-coach.com\/wp-content\/uploads\/2023\/08\/Chapitre-7-Agir-et-Saisir-les-Opportunites-.mp3\"><\/audio><\/figure>\n\n\n\n<p><strong>Chapitre 8 : Faire Preuve de Gratitude<\/strong><\/p>\n\n\n\n<ul>\n<li>Exploration du r\u00f4le de la gratitude dans l&rsquo;alignement avec l&rsquo;univers.<\/li>\n\n\n\n<li>Pratiques pour cultiver un \u00e9tat d&rsquo;esprit de gratitude au quotidien.<\/li>\n\n\n\n<li>Comment la gratitude renforce la manifestation de nos d\u00e9sirs.<\/li>\n<\/ul>\n\n\n\n<figure class=\"wp-block-audio\"><audio controls src=\"https:\/\/guido-saverio-coach.com\/wp-content\/uploads\/2023\/08\/Chapitre-8-Faire-Preuve-de-Gratitude-.mp3\"><\/audio><\/figure>\n\n\n\n<p><strong>Chapitre 9 : Le Chemin du Bonheur \u00e0 travers la Manifestation<\/strong><\/p>\n\n\n\n<ul>\n<li>Discussion sur la relation entre le bonheur et la r\u00e9alisation des d\u00e9sirs.<\/li>\n\n\n\n<li>Comment \u00e9viter de baser son bonheur uniquement sur les r\u00e9sultats.<\/li>\n\n\n\n<li>Approches pour trouver la joie dans le voyage de la manifestation.<\/li>\n<\/ul>\n\n\n\n<figure class=\"wp-block-audio\"><audio controls src=\"https:\/\/guido-saverio-coach.com\/wp-content\/uploads\/2023\/08\/Chapitre-9-Le-Chemin-du-Bonheur-a-travers-la-Manifestation-.mp3\"><\/audio><\/figure>\n\n\n\n<p><strong>Chapitre 10 : Int\u00e9grer la Manifestation dans sa Vie<\/strong><\/p>\n\n\n\n<ul>\n<li>R\u00e9capitulation des principaux concepts et enseignements du livre.<\/li>\n\n\n\n<li>Comment continuer \u00e0 appliquer les principes de la loi de l&rsquo;attraction dans la vie quotidienne.<\/li>\n\n\n\n<li>Encouragements finaux pour pers\u00e9v\u00e9rer dans la pratique de la manifestation.<\/li>\n<\/ul>\n\n\n\n<figure class=\"wp-block-audio\"><audio controls src=\"https:\/\/guido-saverio-coach.com\/wp-content\/uploads\/2023\/08\/Chapitre-10-Integrer-la-Manifestation-dans-sa-Vie.mp3\"><\/audio><\/figure>\n\n\n\n<p><strong>Conclusion<\/strong><\/p>\n\n\n\n<ul>\n<li>R\u00e9flexion sur le voyage de d\u00e9couverte personnelle \u00e0 travers l&rsquo;application des principes de \u00ab\u00a0Demander et Recevoir\u00a0\u00bb.<\/li>\n\n\n\n<li>Encouragements \u00e0 partager les exp\u00e9riences et les succ\u00e8s avec d&rsquo;autres pour inspirer leur propre voyage.<\/li>\n<\/ul>\n\n\n\n<figure class=\"wp-block-audio\"><audio controls src=\"https:\/\/guido-saverio-coach.com\/wp-content\/uploads\/2023\/08\/Conclusion-.mp3\"><\/audio><\/figure>\n\n\n\n<p><strong>LE MOT DE LA FIN<\/strong><\/p>\n\n\n\n<figure class=\"wp-block-audio\"><audio controls src=\"https:\/\/guido-saverio-coach.com\/wp-content\/uploads\/2023\/08\/le-mot-de-la-fin-1.mp3\"><\/audio><\/figure>\n\n\n\n<p class=\"has-text-align-center has-vivid-green-cyan-color has-text-color has-medium-font-size\"><strong>T\u00e9moignages \u00e9logieux :<\/strong> <\/p>\n\n\n\n<p><\/p>\n\n\n\n<p><em>\u00ab\u00a0Guido Saverio est un v\u00e9ritable guide spirituel qui sait toucher le c\u0153ur et l&rsquo;\u00e2me de ses lecteurs. Son livre est une source d&rsquo;inspiration et de sagesse, offrant des enseignements pratiques pour r\u00e9aliser ses r\u00eaves.\u00a0\u00bb<\/em> &#8211; Mia R.<\/p>\n\n\n\n<p><em>\u00ab\u00a0Les enseignements de Guido Saverio ont chang\u00e9 ma vie de mani\u00e8re profonde. Sa mani\u00e8re d&rsquo;expliquer les principes de la manifestation est claire et accessible. J&rsquo;ai mis en pratique ses conseils et j&rsquo;ai vu des transformations incroyables dans ma vie.\u00a0\u00bb<\/em> &#8211; Alex T.<\/p>\n\n\n\n<p><em>\u00ab\u00a0Ce livre est une lumi\u00e8re dans le monde de la spiritualit\u00e9 et de la croissance personnelle. Guido Saverio poss\u00e8de une sagesse profonde et une mani\u00e8re d&rsquo;enseigner qui r\u00e9sonne avec chacun.\u00a0\u00bb<\/em> &#8211; Laura K.<\/p>\n\n\n\n<p><em>\u00ab\u00a0Guido Saverio m&rsquo;a aid\u00e9 \u00e0 red\u00e9finir ma relation avec moi-m\u00eame et avec l&rsquo;univers. Son livre est un guide pr\u00e9cieux pour quiconque souhaite apprendre \u00e0 cr\u00e9er consciemment sa r\u00e9alit\u00e9.\u00a0\u00bb<\/em> &#8211; Michael D.<\/p>\n\n\n\n<p><em>\u00ab\u00a0Je suis reconnaissant d&rsquo;avoir crois\u00e9 le chemin de Guido Saverio et d&rsquo;avoir d\u00e9couvert ses enseignements. Son livre est une invitation \u00e0 un voyage profond et transformateur vers la r\u00e9alisation de soi.\u00a0\u00bb<\/em> &#8211; Sarah M.<\/p>\n\n\n\n<p><em>\u00ab\u00a0Guido Saverio est un phare de sagesse dans un monde en qu\u00eate de sens. Son livre est une b\u00e9n\u00e9diction qui guide chacun vers la lumi\u00e8re de sa propre puissance int\u00e9rieure.\u00a0\u00bb<\/em> &#8211; John P.<\/p>\n\n\n\n<p><em>\u00ab\u00a0J&rsquo;ai lu de nombreux livres sur la loi de l&rsquo;attraction, mais celui de Guido Saverio se d\u00e9marque par sa clart\u00e9 et sa profondeur. Ses enseignements sont comme des joyaux pr\u00e9cieux qui illuminent le chemin vers la r\u00e9alisation.\u00a0\u00bb<\/em> &#8211; Emma L.<\/p>\n\n\n\n<p><em>\u00ab\u00a0Guido Saverio a le don de simplifier les concepts complexes de la manifestation. Son livre est une ressource inestimable pour ceux qui veulent ma\u00eetriser l&rsquo;art de cr\u00e9er leur r\u00e9alit\u00e9 avec intention.\u00a0\u00bb<\/em> &#8211; Daniel W.<\/p>\n\n\n\n<p><em>\u00ab\u00a0La sagesse contenue dans le livre de Guido Saverio m&rsquo;a touch\u00e9 au plus profond de mon \u00eatre. Chaque chapitre r\u00e9sonne avec une v\u00e9rit\u00e9 int\u00e9rieure et offre des outils puissants pour transformer sa vie.\u00a0\u00bb<\/em> &#8211; Marie C.<\/p>\n\n\n\n<p><em>\u00ab\u00a0Je consid\u00e8re Guido Saverio comme un mentor silencieux \u00e0 travers ses \u00e9crits. Son livre est une source constante d&rsquo;inspiration et de guidance, m&rsquo;aidant \u00e0 naviguer avec confiance dans l&rsquo;oc\u00e9an de la co-cr\u00e9ation.\u00a0\u00bb<\/em> &#8211; Thomas B.<\/p>\n\n\n\n<p><em>\u00ab\u00a0Le livre de Guido Saverio est une v\u00e9ritable p\u00e9pite d&rsquo;enseignements spirituels. Ses paroles sont comme des \u00e9lixirs qui nourrissent l&rsquo;\u00e2me et \u00e9l\u00e8vent l&rsquo;esprit.\u00a0\u00bb<\/em> &#8211; Sophie R.<\/p>\n\n\n\n<p><em>\u00ab\u00a0Guido Saverio a un talent rare pour expliquer les concepts \u00e9sot\u00e9riques de mani\u00e8re simple et accessible. Son livre est un tr\u00e9sor de connaissances qui ouvre des portes vers de nouvelles possibilit\u00e9s.\u00a0\u00bb<\/em> &#8211; David S.<\/p>\n","protected":false},"excerpt":{"rendered":"<p>Demandez et Vous Recevrez : Utilisez le Pouvoir de l&rsquo;Univers Ecrit par: Guido SAVERIO Sommaire d\u00e9taill\u00e9 : AVANT-PROPOS Introduction Chapitre 1 : Les Fondements de la Loi de l&rsquo;Attraction Chapitre 2 : Comprendre Vos D\u00e9sirs et Intentions Chapitre 3 :&#8230; <a href=\"https:\/\/guido-saverio-coach.com\/?page_id=325\" class=\"readmore\">Read more<span class=\"screen-reader-text\">LIVRE &#8211; Les Secrets de la Manifestation : Comment Demander \u00e0 l&rsquo;Univers<\/span><span class=\"fa fa-angle-double-right\" aria-hidden=\"true\"><\/span><\/a><\/p>\n","protected":false},"author":1,"featured_media":0,"parent":0,"menu_order":0,"comment_status":"closed","ping_status":"closed","template":"","meta":{"footnotes":""},"_links":{"self":[{"href":"https:\/\/guido-saverio-coach.com\/index.php?rest_route=\/wp\/v2\/pages\/325"}],"collection":[{"href":"https:\/\/guido-saverio-coach.com\/index.php?rest_route=\/wp\/v2\/pages"}],"about":[{"href":"https:\/\/guido-saverio-coach.com\/index.php?rest_route=\/wp\/v2\/types\/page"}],"author":[{"embeddable":true,"href":"https:\/\/guido-saverio-coach.com\/index.php?rest_route=\/wp\/v2\/users\/1"}],"replies":[{"embeddable":true,"href":"https:\/\/guido-saverio-coach.com\/index.php?rest_route=%2Fwp%2Fv2%2Fcomments&post=325"}],"version-history":[{"count":3,"href":"https:\/\/guido-saverio-coach.com\/index.php?rest_route=\/wp\/v2\/pages\/325\/revisions"}],"predecessor-version":[{"id":350,"href":"https:\/\/guido-saverio-coach.com\/index.php?rest_route=\/wp\/v2\/pages\/325\/revisions\/350"}],"wp:attachment":[{"href":"https:\/\/guido-saverio-coach.com\/index.php?rest_route=%2Fwp%2Fv2%2Fmedia&parent=325"}],"curies":[{"name":"wp","href":"https:\/\/api.w.org\/{rel}","templated":true}]}}