{"id":369,"date":"2023-09-08T21:57:01","date_gmt":"2023-09-08T19:57:01","guid":{"rendered":"https:\/\/guido-saverio-coach.com\/?page_id=369"},"modified":"2024-04-30T14:38:43","modified_gmt":"2024-04-30T12:38:43","slug":"lepreuve-de-la-manipulation-comprendre-survivre-guerir","status":"publish","type":"page","link":"https:\/\/guido-saverio-coach.com\/?page_id=369","title":{"rendered":"LIVRE &#8211; L&rsquo;\u00c9preuve de la Manipulation : Comprendre, Survivre, Gu\u00e9rir"},"content":{"rendered":"\n<p>Ecrit par Guido SAVERIO<\/p>\n\n\n<div class=\"wp-block-image\">\n<figure class=\"aligncenter size-large is-resized\"><img loading=\"lazy\" decoding=\"async\" src=\"https:\/\/guido-saverio-coach.com\/wp-content\/uploads\/2023\/09\/manipulateurs-et-des-pervers-narcissiques-1-642x1024.png\" alt=\"\" class=\"wp-image-371\" style=\"width:339px;height:541px\" width=\"339\" height=\"541\" srcset=\"https:\/\/guido-saverio-coach.com\/wp-content\/uploads\/2023\/09\/manipulateurs-et-des-pervers-narcissiques-1-642x1024.png 642w, https:\/\/guido-saverio-coach.com\/wp-content\/uploads\/2023\/09\/manipulateurs-et-des-pervers-narcissiques-1-188x300.png 188w, https:\/\/guido-saverio-coach.com\/wp-content\/uploads\/2023\/09\/manipulateurs-et-des-pervers-narcissiques-1-768x1226.png 768w, https:\/\/guido-saverio-coach.com\/wp-content\/uploads\/2023\/09\/manipulateurs-et-des-pervers-narcissiques-1-963x1536.png 963w, https:\/\/guido-saverio-coach.com\/wp-content\/uploads\/2023\/09\/manipulateurs-et-des-pervers-narcissiques-1-1283x2048.png 1283w, https:\/\/guido-saverio-coach.com\/wp-content\/uploads\/2023\/09\/manipulateurs-et-des-pervers-narcissiques-1.png 1410w\" sizes=\"(max-width: 339px) 100vw, 339px\" \/><\/figure><\/div>\n\n\n<p>INTRO<\/p>\n\n\n\n<figure class=\"wp-block-audio\"><audio controls src=\"https:\/\/guido-saverio-coach.com\/wp-content\/uploads\/2023\/09\/Introduction.mp3\"><\/audio><\/figure>\n\n\n\n<p><strong>Module 1 : Introduction aux Manipulateurs et aux Pervers Narcissiques<\/strong><\/p>\n\n\n\n<p>1.1 D\u00e9finition des manipulateurs et des pervers narcissiques<\/p>\n\n\n\n<ul>\n<li>Diff\u00e9renciation entre manipulation et narcissisme<\/li>\n<\/ul>\n\n\n\n<p>1.2 Importance de comprendre ce sujet en d\u00e9veloppement personnel<\/p>\n\n\n\n<ul>\n<li>Les impacts sur la vie personnelle et professionnelle<\/li>\n\n\n\n<li>L&rsquo;impact sur l&rsquo;estime de soi<\/li>\n<\/ul>\n\n\n\n<figure class=\"wp-block-audio\"><audio controls src=\"https:\/\/guido-saverio-coach.com\/wp-content\/uploads\/2023\/09\/Module-1-Introduction-aux-Manipulateurs-et-aux-Pervers-Narcissiques.mp3\"><\/audio><\/figure>\n\n\n\n<p><strong>Module 2 : Comprendre la Manipulation<\/strong><\/p>\n\n\n\n<p>2.1 Les m\u00e9canismes de base de la manipulation<\/p>\n\n\n\n<ul>\n<li>Techniques courantes de manipulation<\/li>\n\n\n\n<li>Les motivations derri\u00e8re la manipulation<\/li>\n<\/ul>\n\n\n\n<p>2.2 Signes pr\u00e9curseurs de la manipulation<\/p>\n\n\n\n<ul>\n<li>Reconna\u00eetre les premiers signes<\/li>\n\n\n\n<li>\u00c9viter les pi\u00e8ges de la manipulation<\/li>\n<\/ul>\n\n\n\n<figure class=\"wp-block-audio\"><audio controls src=\"https:\/\/guido-saverio-coach.com\/wp-content\/uploads\/2023\/09\/Module-2-Comprendre-la-Manipulation.mp3\"><\/audio><\/figure>\n\n\n\n<p><strong>Module 3 : Profil du Manipulateur<\/strong><\/p>\n\n\n\n<p>3.1 Traits de personnalit\u00e9 courants<\/p>\n\n\n\n<ul>\n<li>L&rsquo;analyse des traits manipulateurs<\/li>\n\n\n\n<li>Profil psychologique du manipulateur<\/li>\n<\/ul>\n\n\n\n<p>3.2 Les motivations sous-jacentes<\/p>\n\n\n\n<ul>\n<li>Pourquoi les manipulateurs agissent-ils ainsi ?<\/li>\n\n\n\n<li>Les facteurs qui contribuent \u00e0 la manipulation<\/li>\n<\/ul>\n\n\n\n<figure class=\"wp-block-audio\"><audio controls src=\"https:\/\/guido-saverio-coach.com\/wp-content\/uploads\/2023\/09\/Module-3-Profil-du-Manipulateur.mp3\"><\/audio><\/figure>\n\n\n\n<p><strong>Module 4 : Les Pervers Narcissiques<\/strong><\/p>\n\n\n\n<p>4.1 D\u00e9finition du narcissisme<\/p>\n\n\n\n<ul>\n<li>Comprendre la nature du narcissisme<\/li>\n\n\n\n<li>Comment le narcissisme peut devenir pathologique<\/li>\n<\/ul>\n\n\n\n<p>4.2 Caract\u00e9ristiques du pervers narcissique<\/p>\n\n\n\n<ul>\n<li>Profil du pervers narcissique<\/li>\n\n\n\n<li>Les relations toxiques avec un pervers narcissique<\/li>\n<\/ul>\n\n\n\n<figure class=\"wp-block-audio\"><audio controls src=\"https:\/\/guido-saverio-coach.com\/wp-content\/uploads\/2023\/09\/Module-4-Les-Pervers-Narcissiques.mp3\"><\/audio><\/figure>\n\n\n\n<p><strong>Module 5 : Les Techniques de Manipulation<\/strong><\/p>\n\n\n\n<p>5.1 Manipulation \u00e9motionnelle<\/p>\n\n\n\n<ul>\n<li>Comment les \u00e9motions sont exploit\u00e9es<\/li>\n\n\n\n<li>Strat\u00e9gies pour se prot\u00e9ger \u00e9motionnellement<\/li>\n<\/ul>\n\n\n\n<p>5.2 Manipulation psychologique<\/p>\n\n\n\n<ul>\n<li>Les jeux mentaux des manipulateurs<\/li>\n\n\n\n<li>Renforcer la r\u00e9sistance mentale<\/li>\n<\/ul>\n\n\n\n<p>5.3 Manipulation relationnelle<\/p>\n\n\n\n<ul>\n<li>Comment les manipulateurs g\u00e8rent les relations<\/li>\n\n\n\n<li>\u00c9tablir des limites saines<\/li>\n<\/ul>\n\n\n\n<figure class=\"wp-block-audio\"><audio controls src=\"https:\/\/guido-saverio-coach.com\/wp-content\/uploads\/2023\/09\/Module-5-Les-Techniques-de-Manipulation.mp3\"><\/audio><\/figure>\n\n\n\n<p><strong>Module 6 : Les Cons\u00e9quences de la Manipulation<\/strong><\/p>\n\n\n\n<p>6.1 Impacts sur les victimes<\/p>\n\n\n\n<ul>\n<li>Les effets psychologiques et \u00e9motionnels<\/li>\n\n\n\n<li>Les cons\u00e9quences sociales et professionnelles<\/li>\n<\/ul>\n\n\n\n<p>6.2 Dangers de la manipulation \u00e0 long terme<\/p>\n\n\n\n<ul>\n<li>Les risques pour la sant\u00e9 mentale<\/li>\n\n\n\n<li>Sortir d&rsquo;une relation toxique<\/li>\n<\/ul>\n\n\n\n<figure class=\"wp-block-audio\"><audio controls src=\"https:\/\/guido-saverio-coach.com\/wp-content\/uploads\/2023\/09\/Module-6-Les-Consequences-de-la-Manipulation.mp3\"><\/audio><\/figure>\n\n\n\n<p><strong>Module 7 : D\u00e9tection et Pr\u00e9vention<\/strong><\/p>\n\n\n\n<p>7.1 Comment d\u00e9tecter la manipulation<\/p>\n\n\n\n<ul>\n<li>Les signaux d&rsquo;alarme \u00e0 surveiller<\/li>\n\n\n\n<li>L&rsquo;importance de l&rsquo;intuition<\/li>\n<\/ul>\n\n\n\n<p>7.2 Strat\u00e9gies de pr\u00e9vention<\/p>\n\n\n\n<ul>\n<li>Renforcer l&rsquo;estime de soi<\/li>\n\n\n\n<li>\u00c9tablir des fronti\u00e8res claires<\/li>\n<\/ul>\n\n\n\n<figure class=\"wp-block-audio\"><audio controls src=\"https:\/\/guido-saverio-coach.com\/wp-content\/uploads\/2023\/09\/Module-7-Detection-et-Prevention.mp3\"><\/audio><\/figure>\n\n\n\n<p><strong>Module 8 : Survivre \u00e0 une Relation avec un Manipulateur ou un Pervers Narcissique<\/strong><\/p>\n\n\n\n<p>8.1 Le processus de gu\u00e9rison<\/p>\n\n\n\n<ul>\n<li>Gu\u00e9rir les blessures \u00e9motionnelles<\/li>\n\n\n\n<li>La reconstruction de l&rsquo;estime de soi<\/li>\n<\/ul>\n\n\n\n<p>8.2 Soutien psychologique et th\u00e9rapie<\/p>\n\n\n\n<ul>\n<li>L&rsquo;importance de l&rsquo;aide professionnelle<\/li>\n\n\n\n<li>Les diff\u00e9rentes approches th\u00e9rapeutiques<\/li>\n<\/ul>\n\n\n\n<figure class=\"wp-block-audio\"><audio controls src=\"https:\/\/guido-saverio-coach.com\/wp-content\/uploads\/2023\/09\/Module-8-Survivre-a-une-Relation-avec-un-Manipulateur-ou-un-Pervers-Narcissique.mp3\"><\/audio><\/figure>\n\n\n\n<p><strong>Module 9 : Cas d&rsquo;\u00c9tude et T\u00e9moignages<\/strong><\/p>\n\n\n\n<p>9.1 Exemples de cas c\u00e9l\u00e8bres<\/p>\n\n\n\n<ul>\n<li>Analyse des relations toxiques m\u00e9diatis\u00e9es<\/li>\n\n\n\n<li>Les le\u00e7ons \u00e0 retenir<\/li>\n<\/ul>\n\n\n\n<p>9.2 T\u00e9moignages de personnes ayant v\u00e9cu avec un manipulateur ou un pervers narcissique<\/p>\n\n\n\n<ul>\n<li>Les r\u00e9cits personnels et les enseignements tir\u00e9s<\/li>\n<\/ul>\n\n\n\n<figure class=\"wp-block-audio\"><audio controls src=\"https:\/\/guido-saverio-coach.com\/wp-content\/uploads\/2023\/09\/Module-9-Cas-dEtude-et-Temoignages.mp3\"><\/audio><\/figure>\n\n\n\n<p><strong>Module 10 : Conclusion et Action<\/strong><\/p>\n\n\n\n<p>10.1 R\u00e9capitulation des points cl\u00e9s<\/p>\n\n\n\n<ul>\n<li>Les comp\u00e9tences acquises dans la formation<\/li>\n<\/ul>\n\n\n\n<p>10.2 Appel \u00e0 l&rsquo;action pour la sensibilisation et la pr\u00e9vention<\/p>\n\n\n\n<ul>\n<li>Comment partager ces connaissances avec d&rsquo;autres<\/li>\n<\/ul>\n\n\n\n<p>10.3 Ressources pour aller plus loin dans la compr\u00e9hension et le soutien<\/p>\n\n\n\n<ul>\n<li>Livres, sites web, groupes de soutien, et professionnels de la sant\u00e9 mentale<\/li>\n<\/ul>\n\n\n\n<figure class=\"wp-block-audio\"><audio controls src=\"https:\/\/guido-saverio-coach.com\/wp-content\/uploads\/2023\/09\/Module-10-Conclusion-et-Action.mp3\"><\/audio><\/figure>\n\n\n\n<p>LE MOT DE LA FIN<\/p>\n\n\n\n<figure class=\"wp-block-audio\"><audio controls src=\"https:\/\/guido-saverio-coach.com\/wp-content\/uploads\/2023\/09\/LE-MOT-DE-LA-FIN-.mp3\"><\/audio><\/figure>\n","protected":false},"excerpt":{"rendered":"<p>Ecrit par Guido SAVERIO INTRO Module 1 : Introduction aux Manipulateurs et aux Pervers Narcissiques 1.1 D\u00e9finition des manipulateurs et des pervers narcissiques 1.2 Importance de comprendre ce sujet en d\u00e9veloppement personnel Module 2 : Comprendre la Manipulation 2.1 Les&#8230; <a href=\"https:\/\/guido-saverio-coach.com\/?page_id=369\" class=\"readmore\">Read more<span class=\"screen-reader-text\">LIVRE &#8211; L&rsquo;\u00c9preuve de la Manipulation : Comprendre, Survivre, Gu\u00e9rir<\/span><span class=\"fa fa-angle-double-right\" aria-hidden=\"true\"><\/span><\/a><\/p>\n","protected":false},"author":1,"featured_media":0,"parent":0,"menu_order":0,"comment_status":"closed","ping_status":"closed","template":"","meta":{"footnotes":""},"_links":{"self":[{"href":"https:\/\/guido-saverio-coach.com\/index.php?rest_route=\/wp\/v2\/pages\/369"}],"collection":[{"href":"https:\/\/guido-saverio-coach.com\/index.php?rest_route=\/wp\/v2\/pages"}],"about":[{"href":"https:\/\/guido-saverio-coach.com\/index.php?rest_route=\/wp\/v2\/types\/page"}],"author":[{"embeddable":true,"href":"https:\/\/guido-saverio-coach.com\/index.php?rest_route=\/wp\/v2\/users\/1"}],"replies":[{"embeddable":true,"href":"https:\/\/guido-saverio-coach.com\/index.php?rest_route=%2Fwp%2Fv2%2Fcomments&post=369"}],"version-history":[{"count":4,"href":"https:\/\/guido-saverio-coach.com\/index.php?rest_route=\/wp\/v2\/pages\/369\/revisions"}],"predecessor-version":[{"id":900,"href":"https:\/\/guido-saverio-coach.com\/index.php?rest_route=\/wp\/v2\/pages\/369\/revisions\/900"}],"wp:attachment":[{"href":"https:\/\/guido-saverio-coach.com\/index.php?rest_route=%2Fwp%2Fv2%2Fmedia&parent=369"}],"curies":[{"name":"wp","href":"https:\/\/api.w.org\/{rel}","templated":true}]}}