{"id":415,"date":"2023-09-17T20:12:31","date_gmt":"2023-09-17T18:12:31","guid":{"rendered":"https:\/\/guido-saverio-coach.com\/?page_id=415"},"modified":"2023-09-17T20:12:31","modified_gmt":"2023-09-17T18:12:31","slug":"manipulation-au-travail-reussissez-a-contrer-les-jeux-de-pouvoir","status":"publish","type":"page","link":"https:\/\/guido-saverio-coach.com\/?page_id=415","title":{"rendered":"Manipulation au Travail &#8211; R\u00e9ussissez \u00e0 Contrer les Jeux de Pouvoir,"},"content":{"rendered":"\n<p>Il \u00e9tait une fois dans une entreprise dynamique, un employ\u00e9 nomm\u00e9 David. David \u00e9tait un homme d\u00e9vou\u00e9 \u00e0 son travail, toujours pr\u00eat \u00e0 aider ses coll\u00e8gues et \u00e0 contribuer \u00e0 la r\u00e9ussite de l&rsquo;\u00e9quipe. Cependant, il y avait quelque chose qui ne tournait pas rond dans son environnement de travail. David avait l&rsquo;impression que certaines personnes essayaient de le manipuler.<\/p>\n\n\n\n<p>Un jour, David se trouvait dans une r\u00e9union importante pour discuter d&rsquo;un projet crucial. Il avait pass\u00e9 des semaines \u00e0 pr\u00e9parer sa pr\u00e9sentation, mais d\u00e8s qu&rsquo;il commen\u00e7a \u00e0 parler, il remarqua un regard critique de la part de son coll\u00e8gue, Sarah. Elle lui fit des commentaires d\u00e9valorisants et essaya de le discr\u00e9diter devant tout le monde.<\/p>\n\n\n\n<p>David ressentit une boule dans son estomac. Il savait que Sarah avait l&rsquo;habitude de jouer des jeux de pouvoir pour prendre le contr\u00f4le des situations, mais cette fois-ci, il d\u00e9cida que \u00e7a suffisait. Apr\u00e8s la r\u00e9union, il se dirigea vers son bureau et prit quelques instants pour r\u00e9fl\u00e9chir \u00e0 la situation.<\/p>\n\n\n\n<p>Il se rappela des conseils qu&rsquo;il avait lus dans un article sur la fa\u00e7on de contrer la manipulation au travail. Tout d&rsquo;abord, il se concentra sur sa propre r\u00e9action. Il se demanda pourquoi il se sentait si affect\u00e9 par les actions de Sarah. Il r\u00e9alisa qu&rsquo;il \u00e9tait important pour lui de d\u00e9fendre son travail et sa r\u00e9putation. Cette prise de conscience lui donna la d\u00e9termination de ne pas se laisser manipuler.<\/p>\n\n\n\n<p>Le lendemain, David rencontra Sarah en priv\u00e9. Il se souvint d&rsquo;un autre conseil qu&rsquo;il avait lu : la communication claire. Il exprima calmement son ressenti et lui demanda pourquoi elle avait agi de cette mani\u00e8re pendant la r\u00e9union. Sarah fut prise au d\u00e9pourvu, n&rsquo;ayant pas pr\u00e9vu que David lui ferait face de cette mani\u00e8re. Elle balbutia quelques explications, mais David ne laissa pas ses excuses le d\u00e9tourner de son objectif.<\/p>\n\n\n\n<p>Il fixa \u00e9galement des limites claires en lui disant qu&rsquo;il \u00e9tait pr\u00eat \u00e0 travailler en \u00e9quipe de mani\u00e8re constructive, mais qu&rsquo;il ne tol\u00e9rerait pas de comportement manipulateur. Sarah fut surprise par la fermet\u00e9 de David, mais elle comprit qu&rsquo;il \u00e9tait s\u00e9rieux.<\/p>\n\n\n\n<p>Au fil du temps, David continua \u00e0 mettre en pratique ces conseils. Il s&rsquo;effor\u00e7a de comprendre les motivations de ses coll\u00e8gues et adopta une attitude empathique envers eux. Il affirma ses besoins et ses opinions de mani\u00e8re respectueuse et d\u00e9veloppa une communication assertive. Peu \u00e0 peu, il remarqua un changement dans la dynamique de son environnement de travail.<\/p>\n\n\n\n<p>Les coll\u00e8gues qui avaient l&rsquo;habitude de jouer des jeux de pouvoir commenc\u00e8rent \u00e0 respecter davantage David. Ils comprirent qu&rsquo;il n&rsquo;\u00e9tait pas dispos\u00e9 \u00e0 se laisser manipuler. De plus, David gagna en confiance en lui au fur et \u00e0 mesure qu&rsquo;il se d\u00e9fendait et s&rsquo;exprimait plus clairement.<\/p>\n\n\n\n<p>Au fil des mois, David constatait les bienfaits de contrer la manipulation au travail dans sa vie quotidienne. Ses relations professionnelles \u00e9taient plus saines, sa confiance en lui \u00e9tait renforc\u00e9e, et il se sentait plus \u00e9panoui dans son r\u00f4le. Il avait d\u00e9couvert qu&rsquo;en s&rsquo;affirmant et en contrant la manipulation, il pouvait vivre chaque jour avec plus de confiance et de s\u00e9r\u00e9nit\u00e9.<\/p>\n\n\n\n<p>L&rsquo;histoire de David nous rappelle qu&rsquo;il est possible de briser les cha\u00eenes de la manipulation au travail en faisant preuve de courage, de conscience de soi, et en d\u00e9veloppant des comp\u00e9tences de communication. Cela peut \u00eatre le d\u00e9but d&rsquo;une nouvelle \u00e8re de succ\u00e8s professionnel et de bien-\u00eatre dans notre vie quotidienne. N&rsquo;oublions pas que chaque jour est une nouvelle opportunit\u00e9 de reprendre le contr\u00f4le de notre vie au travail et de nous \u00e9panouir pleinement.<\/p>\n\n\n\n<figure class=\"wp-block-embed is-type-wp-embed is-provider-guido-saverio-coach-com wp-block-embed-guido-saverio-coach-com\"><div class=\"wp-block-embed__wrapper\">\n<blockquote class=\"wp-embedded-content\" data-secret=\"rRLYJK3h5P\"><a href=\"https:\/\/guido-saverio-coach.com\/?page_id=397\">FORMATION &#8211; Manipulation au Travail &#8211; R\u00e9ussissez \u00e0 Contrer les Jeux de Pouvoir<\/a><\/blockquote><iframe class=\"wp-embedded-content\" sandbox=\"allow-scripts\" security=\"restricted\" style=\"position: absolute; clip: rect(1px, 1px, 1px, 1px);\" title=\"\u00ab\u00a0FORMATION &#8211; Manipulation au Travail &#8211; R\u00e9ussissez \u00e0 Contrer les Jeux de Pouvoir\u00a0\u00bb &#8212; guido-saverio-coach.com\" src=\"https:\/\/guido-saverio-coach.com\/?page_id=397&#038;embed=true#?secret=dhZ3CkpqDi#?secret=rRLYJK3h5P\" data-secret=\"rRLYJK3h5P\" width=\"600\" height=\"338\" frameborder=\"0\" marginwidth=\"0\" marginheight=\"0\" scrolling=\"no\"><\/iframe>\n<\/div><\/figure>\n","protected":false},"excerpt":{"rendered":"<p>Il \u00e9tait une fois dans une entreprise dynamique, un employ\u00e9 nomm\u00e9 David. David \u00e9tait un homme d\u00e9vou\u00e9 \u00e0 son travail, toujours pr\u00eat \u00e0 aider ses coll\u00e8gues et \u00e0 contribuer \u00e0 la r\u00e9ussite de l&rsquo;\u00e9quipe. Cependant, il y avait quelque chose&#8230; <a href=\"https:\/\/guido-saverio-coach.com\/?page_id=415\" class=\"readmore\">Read more<span class=\"screen-reader-text\">Manipulation au Travail &#8211; R\u00e9ussissez \u00e0 Contrer les Jeux de Pouvoir,<\/span><span class=\"fa fa-angle-double-right\" aria-hidden=\"true\"><\/span><\/a><\/p>\n","protected":false},"author":1,"featured_media":0,"parent":0,"menu_order":0,"comment_status":"closed","ping_status":"closed","template":"","meta":{"footnotes":""},"_links":{"self":[{"href":"https:\/\/guido-saverio-coach.com\/index.php?rest_route=\/wp\/v2\/pages\/415"}],"collection":[{"href":"https:\/\/guido-saverio-coach.com\/index.php?rest_route=\/wp\/v2\/pages"}],"about":[{"href":"https:\/\/guido-saverio-coach.com\/index.php?rest_route=\/wp\/v2\/types\/page"}],"author":[{"embeddable":true,"href":"https:\/\/guido-saverio-coach.com\/index.php?rest_route=\/wp\/v2\/users\/1"}],"replies":[{"embeddable":true,"href":"https:\/\/guido-saverio-coach.com\/index.php?rest_route=%2Fwp%2Fv2%2Fcomments&post=415"}],"version-history":[{"count":2,"href":"https:\/\/guido-saverio-coach.com\/index.php?rest_route=\/wp\/v2\/pages\/415\/revisions"}],"predecessor-version":[{"id":418,"href":"https:\/\/guido-saverio-coach.com\/index.php?rest_route=\/wp\/v2\/pages\/415\/revisions\/418"}],"wp:attachment":[{"href":"https:\/\/guido-saverio-coach.com\/index.php?rest_route=%2Fwp%2Fv2%2Fmedia&parent=415"}],"curies":[{"name":"wp","href":"https:\/\/api.w.org\/{rel}","templated":true}]}}