{"id":529,"date":"2023-09-22T22:18:51","date_gmt":"2023-09-22T20:18:51","guid":{"rendered":"https:\/\/guido-saverio-coach.com\/?page_id=529"},"modified":"2023-09-22T22:18:51","modified_gmt":"2023-09-22T20:18:51","slug":"histoire-le-colocataire-parasite","status":"publish","type":"page","link":"https:\/\/guido-saverio-coach.com\/?page_id=529","title":{"rendered":"HISTOIRE &#8211; Le Colocataire Parasite"},"content":{"rendered":"\n<p>Prendre ses responsabilit\u00e9s et faire son propre travail est une valeur importante qui devrait \u00eatre respect\u00e9e par tous<\/p>\n\n\n\n<figure class=\"wp-block-audio\"><audio controls src=\"https:\/\/guido-saverio-coach.com\/wp-content\/uploads\/2023\/09\/HISTOIRE-Le-Colocataire-Parasite.mp3\"><\/audio><\/figure>\n\n\n<div class=\"wp-block-image\">\n<figure class=\"aligncenter size-large is-resized\"><img loading=\"lazy\" decoding=\"async\" src=\"https:\/\/guido-saverio-coach.com\/wp-content\/uploads\/2023\/09\/Le-Colocataire-Parasite-642x1024.png\" alt=\"\" class=\"wp-image-531\" style=\"width:226px;height:361px\" width=\"226\" height=\"361\" srcset=\"https:\/\/guido-saverio-coach.com\/wp-content\/uploads\/2023\/09\/Le-Colocataire-Parasite-642x1024.png 642w, https:\/\/guido-saverio-coach.com\/wp-content\/uploads\/2023\/09\/Le-Colocataire-Parasite-188x300.png 188w, https:\/\/guido-saverio-coach.com\/wp-content\/uploads\/2023\/09\/Le-Colocataire-Parasite-768x1226.png 768w, https:\/\/guido-saverio-coach.com\/wp-content\/uploads\/2023\/09\/Le-Colocataire-Parasite-963x1536.png 963w, https:\/\/guido-saverio-coach.com\/wp-content\/uploads\/2023\/09\/Le-Colocataire-Parasite-1283x2048.png 1283w, https:\/\/guido-saverio-coach.com\/wp-content\/uploads\/2023\/09\/Le-Colocataire-Parasite.png 1410w\" sizes=\"(max-width: 226px) 100vw, 226px\" \/><\/figure><\/div>\n\n\n<p>Julien, un \u00e9tudiant en derni\u00e8re ann\u00e9e de fac, avait toujours \u00e9t\u00e9 un colocataire serviable et sympathique. Il vivait avec trois autres \u00e9tudiants dans un petit appartement en ville. Tout allait bien jusqu&rsquo;\u00e0 ce qu&rsquo;un nouveau colocataire, Antoine, emm\u00e9nage.<\/p>\n\n\n\n<p>Antoine \u00e9tait charismatique et souriant, ce qui l&rsquo;a rendu rapidement populaire aupr\u00e8s des autres colocataires. Cependant, il \u00e9tait rapidement devenu \u00e9vident qu&rsquo;Antoine n&rsquo;\u00e9tait pas aussi g\u00e9n\u00e9reux qu&rsquo;il en avait l&rsquo;air. Il avait trouv\u00e9 un moyen de manipuler les autres pour faire son travail \u00e0 sa place, tout en restant assis \u00e0 ne rien faire.<\/p>\n\n\n\n<p>Un jour, Julien avait une \u00e9norme pr\u00e9sentation \u00e0 pr\u00e9parer pour l&rsquo;un de ses cours les plus importants. Il \u00e9tait stress\u00e9 et d\u00e9bord\u00e9 par le travail. C&rsquo;est alors qu&rsquo;Antoine s&rsquo;est propos\u00e9 pour l&rsquo;aider. Julien, soulag\u00e9, a accept\u00e9 son offre sans h\u00e9sitation. Antoine a pris des notes et a fait des recherches en utilisant le nom de Julien, promettant de terminer le travail \u00e0 temps.<\/p>\n\n\n\n<p>Les jours ont pass\u00e9, et Julien n&rsquo;a pas entendu parler d&rsquo;Antoine concernant la pr\u00e9sentation. Il l&rsquo;a rappel\u00e9 plusieurs fois, mais Antoine \u00e9vitait de r\u00e9pondre \u00e0 ses messages et de le croiser en personne. Le jour de la pr\u00e9sentation approchait rapidement, et Julien avait de plus en plus peur de l&rsquo;\u00e9chec.<\/p>\n\n\n\n<p>Julien a finalement d\u00e9cid\u00e9 de faire une visite surprise \u00e0 la chambre d&rsquo;Antoine, pour d\u00e9couvrir que celui-ci \u00e9tait en train de jouer \u00e0 des jeux vid\u00e9o en ligne avec d&rsquo;autres amis. Julien \u00e9tait furieux et lui a demand\u00e9 o\u00f9 \u00e9tait la pr\u00e9sentation.<\/p>\n\n\n\n<p>Antoine a tent\u00e9 de se d\u00e9fendre en disant qu&rsquo;il avait eu des probl\u00e8mes de sant\u00e9, mais Julien savait que c&rsquo;\u00e9tait un mensonge flagrant. Julien, qui avait d\u00e9sesp\u00e9r\u00e9ment besoin de terminer la pr\u00e9sentation, a d\u00e9cid\u00e9 de prendre les choses en main.<\/p>\n\n\n\n<p>Julien s&rsquo;est mis \u00e0 travailler jour et nuit pour rattraper le temps perdu. Il a r\u00e9ussi \u00e0 terminer la pr\u00e9sentation \u00e0 temps, m\u00eame si cela signifiait de longues nuits blanches et beaucoup de stress. Lorsque le jour de la pr\u00e9sentation est enfin arriv\u00e9, Julien a impressionn\u00e9 tout le monde avec son travail acharn\u00e9 et sa connaissance du sujet.<\/p>\n\n\n\n<p>Antoine, en revanche, a \u00e9t\u00e9 expos\u00e9 devant les autres colocataires comme un profiteur qui n&rsquo;\u00e9tait pas pr\u00eat \u00e0 assumer ses responsabilit\u00e9s. Les autres colocataires ont \u00e9galement d\u00e9couvert qu&rsquo;Antoine avait d\u00e9j\u00e0 fait la m\u00eame chose \u00e0 d&rsquo;autres \u00e9tudiants de l&rsquo;universit\u00e9.<\/p>\n\n\n\n<p>Conclusion : Julien a appris une le\u00e7on importante sur la n\u00e9cessit\u00e9 de rester vigilant et de ne pas laisser les autres profiter de sa gentillesse. Antoine a \u00e9t\u00e9 mis \u00e0 l&rsquo;\u00e9cart par les autres colocataires et a finalement \u00e9t\u00e9 contraint de prendre ses responsabilit\u00e9s. La vie en colocation est redevenue harmonieuse pour Julien et les autres \u00e9tudiants, qui ont maintenant une meilleure compr\u00e9hension des personnes avec lesquelles ils partagent leur espace.<\/p>\n\n\n\n<hr class=\"wp-block-separator has-alpha-channel-opacity\"\/>\n\n\n\n<p>La moralit\u00e9 de cette histoire pourrait \u00eatre la suivante :<\/p>\n\n\n\n<p>Il est important de reconna\u00eetre les limites de la gentillesse et de ne pas permettre aux autres de profiter de vous. Tout en aidant les autres est une qualit\u00e9 louable, il est \u00e9galement essentiel de ne pas laisser les profiteurs manipuler ou abuser de votre g\u00e9n\u00e9rosit\u00e9. Se montrer vigilant face aux personnes qui cherchent \u00e0 tirer profit des autres est un moyen de pr\u00e9server ses propres int\u00e9r\u00eats et de maintenir des relations saines. De plus, prendre ses responsabilit\u00e9s et faire son propre travail est une valeur importante qui devrait \u00eatre respect\u00e9e par tous.<\/p>\n\n\n\n<iframe loading=\"lazy\" width=\"560\" height=\"315\" src=\"https:\/\/www.youtube.com\/embed\/03Pq7OmRVnQ?si=vhw6neeQdVY2DqyX\" title=\"YouTube video player\" frameborder=\"0\" allow=\"accelerometer; autoplay; clipboard-write; encrypted-media; gyroscope; picture-in-picture; web-share\" allowfullscreen><\/iframe>\n\n\n\n<figure class=\"wp-block-embed is-type-wp-embed is-provider-guido-saverio-coach-com wp-block-embed-guido-saverio-coach-com\"><div class=\"wp-block-embed__wrapper\">\n<blockquote class=\"wp-embedded-content\" data-secret=\"d8Jrr0oZOy\"><a href=\"https:\/\/guido-saverio-coach.com\/\">LIVRES &#8211; FORMATIONS<\/a><\/blockquote><iframe class=\"wp-embedded-content\" sandbox=\"allow-scripts\" security=\"restricted\" style=\"position: absolute; clip: rect(1px, 1px, 1px, 1px);\" title=\"\u00ab\u00a0LIVRES &#8211; FORMATIONS\u00a0\u00bb &#8212; guido-saverio-coach.com\" src=\"https:\/\/guido-saverio-coach.com\/?embed=true#?secret=2q4razMhzp#?secret=d8Jrr0oZOy\" data-secret=\"d8Jrr0oZOy\" width=\"600\" height=\"338\" frameborder=\"0\" marginwidth=\"0\" marginheight=\"0\" scrolling=\"no\"><\/iframe>\n<\/div><\/figure>\n","protected":false},"excerpt":{"rendered":"<p>Prendre ses responsabilit\u00e9s et faire son propre travail est une valeur importante qui devrait \u00eatre respect\u00e9e par tous Julien, un \u00e9tudiant en derni\u00e8re ann\u00e9e de fac, avait toujours \u00e9t\u00e9 un colocataire serviable et sympathique. Il vivait avec trois autres \u00e9tudiants&#8230; <a href=\"https:\/\/guido-saverio-coach.com\/?page_id=529\" class=\"readmore\">Read more<span class=\"screen-reader-text\">HISTOIRE &#8211; Le Colocataire Parasite<\/span><span class=\"fa fa-angle-double-right\" aria-hidden=\"true\"><\/span><\/a><\/p>\n","protected":false},"author":1,"featured_media":0,"parent":0,"menu_order":0,"comment_status":"closed","ping_status":"closed","template":"","meta":{"footnotes":""},"_links":{"self":[{"href":"https:\/\/guido-saverio-coach.com\/index.php?rest_route=\/wp\/v2\/pages\/529"}],"collection":[{"href":"https:\/\/guido-saverio-coach.com\/index.php?rest_route=\/wp\/v2\/pages"}],"about":[{"href":"https:\/\/guido-saverio-coach.com\/index.php?rest_route=\/wp\/v2\/types\/page"}],"author":[{"embeddable":true,"href":"https:\/\/guido-saverio-coach.com\/index.php?rest_route=\/wp\/v2\/users\/1"}],"replies":[{"embeddable":true,"href":"https:\/\/guido-saverio-coach.com\/index.php?rest_route=%2Fwp%2Fv2%2Fcomments&post=529"}],"version-history":[{"count":1,"href":"https:\/\/guido-saverio-coach.com\/index.php?rest_route=\/wp\/v2\/pages\/529\/revisions"}],"predecessor-version":[{"id":533,"href":"https:\/\/guido-saverio-coach.com\/index.php?rest_route=\/wp\/v2\/pages\/529\/revisions\/533"}],"wp:attachment":[{"href":"https:\/\/guido-saverio-coach.com\/index.php?rest_route=%2Fwp%2Fv2%2Fmedia&parent=529"}],"curies":[{"name":"wp","href":"https:\/\/api.w.org\/{rel}","templated":true}]}}