{"id":691,"date":"2023-11-26T20:33:18","date_gmt":"2023-11-26T19:33:18","guid":{"rendered":"https:\/\/guido-saverio-coach.com\/?page_id=691"},"modified":"2023-11-26T20:33:18","modified_gmt":"2023-11-26T19:33:18","slug":"la-methode-simple-et-facile-pour-realiser-des-soins-energetique-avec-un-pendule","status":"publish","type":"page","link":"https:\/\/guido-saverio-coach.com\/?page_id=691","title":{"rendered":"La m\u00e9thode simple et facile pour r\u00e9aliser des soins \u00e9nerg\u00e9tique avec un pendule"},"content":{"rendered":"\n<p>Les soins \u00e9nerg\u00e9tiques avec un pendule peuvent \u00eatre pratiqu\u00e9s avec diff\u00e9rentes approches et m\u00e9thodes, chacune bas\u00e9e sur des principes personnels ou des traditions sp\u00e9cifiques. Voici une m\u00e9thode simple pour r\u00e9aliser des soins \u00e9nerg\u00e9tiques avec un pendule :<\/p>\n\n\n\n<p><strong>1. Choisissez votre pendule :<\/strong> S\u00e9lectionnez un pendule qui vous attire ou avec lequel vous vous sentez connect\u00e9. Les pendules sont g\u00e9n\u00e9ralement en cristal, en bois ou en m\u00e9tal.<\/p>\n\n\n\n<p><strong>2. \u00c9tablissez une connexion :<\/strong> Avant de commencer, prenez un moment pour vous d\u00e9tendre. Asseyez-vous dans un endroit calme o\u00f9 vous ne serez pas d\u00e9rang\u00e9. Tenez le pendule entre votre pouce et votre index, en veillant \u00e0 ce qu&rsquo;il soit suspendu librement.<\/p>\n\n\n\n<p><strong>3. Programmez le pendule :<\/strong> Concentrez-vous sur votre intention. Vous pouvez dire une courte pri\u00e8re, une affirmation ou simplement visualiser l&rsquo;\u00e9nergie circuler \u00e0 travers vous et le pendule. Indiquez mentalement au pendule le mouvement qui correspondra \u00e0 \u00ab\u00a0oui\u00a0\u00bb, \u00ab\u00a0non\u00a0\u00bb et \u00ab\u00a0ne sait pas\u00a0\u00bb. Ce mouvement peut varier d&rsquo;une personne \u00e0 une autre, donc faites confiance \u00e0 vos ressentis.<\/p>\n\n\n\n<p><strong>4. \u00c9quilibrez l&rsquo;\u00e9nergie :<\/strong> Placez le pendule au-dessus de la zone o\u00f9 vous souhaitez effectuer le soin \u00e9nerg\u00e9tique. Commencez par d\u00e9terminer l&rsquo;\u00e9tat de l&rsquo;\u00e9nergie en posant des questions simples comme \u00ab\u00a0Cette zone a-t-elle un d\u00e9s\u00e9quilibre \u00e9nerg\u00e9tique ?\u00a0\u00bb ou \u00ab\u00a0Cette zone a-t-elle besoin d&rsquo;\u00eatre r\u00e9\u00e9quilibr\u00e9e ?\u00a0\u00bb. Laissez le pendule r\u00e9pondre par ses mouvements.<\/p>\n\n\n\n<p><strong>5. R\u00e9alisez le soin :<\/strong> Si le pendule indique un d\u00e9s\u00e9quilibre, utilisez-le comme un outil pour canaliser l&rsquo;\u00e9nergie vers la zone concern\u00e9e. Vous pouvez imaginer l&rsquo;\u00e9nergie positive circuler \u00e0 travers le pendule vers la zone \u00e0 traiter, ou simplement laisser le pendule agir en suivant ses mouvements.<\/p>\n\n\n\n<p><strong>6. Cl\u00f4turez la s\u00e9ance :<\/strong> Lorsque vous sentez que le soin est termin\u00e9, remerciez l&rsquo;\u00e9nergie, d\u00e9tachez-vous du processus et remettez-vous en \u00e9tat de relaxation. Vous pouvez aussi nettoyer votre pendule apr\u00e8s chaque utilisation en le pla\u00e7ant par exemple sous de l&rsquo;eau claire ou dans un bol de sel pour purifier son \u00e9nergie.<\/p>\n\n\n\n<p>Rappelez-vous, la pratique des soins \u00e9nerg\u00e9tiques avec un pendule est bas\u00e9e sur la sensibilit\u00e9 individuelle et l&rsquo;intuition. Faites confiance \u00e0 vos sensations et perceptions, et pratiquez r\u00e9guli\u00e8rement pour d\u00e9velopper votre connexion avec le pendule et l&rsquo;\u00e9nergie.<\/p>\n\n\n\n<p>N&rsquo;oubliez pas que les soins \u00e9nerg\u00e9tiques ne remplacent pas les traitements m\u00e9dicaux conventionnels. Si vous avez des probl\u00e8mes de sant\u00e9, consultez toujours un professionnel de la sant\u00e9 qualifi\u00e9.<\/p>\n\n\n\n<p>Guido SAVERIO<\/p>\n\n\n\n<hr class=\"wp-block-separator has-alpha-channel-opacity\"\/>\n","protected":false},"excerpt":{"rendered":"<p>Les soins \u00e9nerg\u00e9tiques avec un pendule peuvent \u00eatre pratiqu\u00e9s avec diff\u00e9rentes approches et m\u00e9thodes, chacune bas\u00e9e sur des principes personnels ou des traditions sp\u00e9cifiques. Voici une m\u00e9thode simple pour r\u00e9aliser des soins \u00e9nerg\u00e9tiques avec un pendule : 1. Choisissez votre&#8230; <a href=\"https:\/\/guido-saverio-coach.com\/?page_id=691\" class=\"readmore\">Read more<span class=\"screen-reader-text\">La m\u00e9thode simple et facile pour r\u00e9aliser des soins \u00e9nerg\u00e9tique avec un pendule<\/span><span class=\"fa fa-angle-double-right\" aria-hidden=\"true\"><\/span><\/a><\/p>\n","protected":false},"author":1,"featured_media":0,"parent":0,"menu_order":0,"comment_status":"closed","ping_status":"closed","template":"","meta":{"footnotes":""},"_links":{"self":[{"href":"https:\/\/guido-saverio-coach.com\/index.php?rest_route=\/wp\/v2\/pages\/691"}],"collection":[{"href":"https:\/\/guido-saverio-coach.com\/index.php?rest_route=\/wp\/v2\/pages"}],"about":[{"href":"https:\/\/guido-saverio-coach.com\/index.php?rest_route=\/wp\/v2\/types\/page"}],"author":[{"embeddable":true,"href":"https:\/\/guido-saverio-coach.com\/index.php?rest_route=\/wp\/v2\/users\/1"}],"replies":[{"embeddable":true,"href":"https:\/\/guido-saverio-coach.com\/index.php?rest_route=%2Fwp%2Fv2%2Fcomments&post=691"}],"version-history":[{"count":1,"href":"https:\/\/guido-saverio-coach.com\/index.php?rest_route=\/wp\/v2\/pages\/691\/revisions"}],"predecessor-version":[{"id":693,"href":"https:\/\/guido-saverio-coach.com\/index.php?rest_route=\/wp\/v2\/pages\/691\/revisions\/693"}],"wp:attachment":[{"href":"https:\/\/guido-saverio-coach.com\/index.php?rest_route=%2Fwp%2Fv2%2Fmedia&parent=691"}],"curies":[{"name":"wp","href":"https:\/\/api.w.org\/{rel}","templated":true}]}}