{"id":871,"date":"2024-03-24T14:02:29","date_gmt":"2024-03-24T13:02:29","guid":{"rendered":"https:\/\/guido-saverio-coach.com\/?page_id=871"},"modified":"2024-10-13T23:29:20","modified_gmt":"2024-10-13T21:29:20","slug":"temoignages","status":"publish","type":"page","link":"https:\/\/guido-saverio-coach.com\/?page_id=871","title":{"rendered":"** TEMOIGNAGES **"},"content":{"rendered":"\n<p class=\"has-vivid-red-color has-text-color has-medium-font-size\"><strong>comment les conseils , les formations, les livres ,les guides de Guido SAVERIO ont transform\u00e9 leur vie<\/strong> <\/p>\n\n\n\n<div class=\"wp-block-columns is-layout-flex wp-container-core-columns-is-layout-1 wp-block-columns-is-layout-flex\">\n<div class=\"wp-block-column is-layout-flow wp-block-column-is-layout-flow\"><\/div>\n\n\n\n<div class=\"wp-block-column is-layout-flow wp-block-column-is-layout-flow\">\n<figure class=\"wp-block-audio\"><audio controls src=\"https:\/\/guido-saverio-coach.com\/wp-content\/uploads\/2024\/03\/Ces-recits-sont-des-temoignages-vivants-de-limpact.mp3\"><\/audio><\/figure>\n<\/div>\n\n\n\n<div class=\"wp-block-column is-layout-flow wp-block-column-is-layout-flow\"><\/div>\n<\/div>\n\n\n\n<p>Depuis 1984, Guido Saverio s&rsquo;est engag\u00e9 passionn\u00e9ment dans le domaine du d\u00e9veloppement personnel, offrant ses conseils, ses formations, et partageant sa sagesse \u00e0 travers ses livres et guides. Au fil des d\u00e9cennies, son expertise a touch\u00e9 de nombreuses vies, apportant lumi\u00e8re, inspiration et transformation \u00e0 ceux qui ont eu la chance de croiser son chemin. Les t\u00e9moignages qui suivent illustrent le pouvoir durable de ses enseignements, d\u00e9montrant comment, au fil des ann\u00e9es, Guido Saverio a \u00e9t\u00e9 un phare pour ceux qui cherchent \u00e0 se r\u00e9inventer, \u00e0 trouver la paix int\u00e9rieure, et \u00e0 r\u00e9aliser leur plein potentiel. Ces r\u00e9cits sont des t\u00e9moignages vivants de l&rsquo;impact positif et durable que Guido Saverio a eu sur la vie de ses adeptes, attestant de sa d\u00e9votion continue \u00e0 guider et \u00e0 inspirer ceux en qu\u00eate de croissance personnelle et de bonheur authentique.<\/p>\n\n\n\n<hr class=\"wp-block-separator has-alpha-channel-opacity\"\/>\n\n\n\n<p>Leurs r\u00e9cits refl\u00e8tent la puissance de la croissance personnelle, de la r\u00e9silience et de la d\u00e9termination, d\u00e9montrant comment avec les bons outils et la bonne guidance, il est possible de surmonter les d\u00e9fis, de r\u00e9aliser ses r\u00eaves et de vivre une vie \u00e9panouissante et authentique.<\/p>\n\n\n\n<hr class=\"wp-block-separator has-alpha-channel-opacity\"\/>\n\n\n\n<ol>\n<li><strong>Sophie, 35 ans :<\/strong> \u00ab\u00a0Les livres de Guido Saverio m&rsquo;ont ouvert les yeux sur ma propre capacit\u00e9 \u00e0 cr\u00e9er la vie que je d\u00e9sire. Gr\u00e2ce \u00e0 ses conseils sur la visualisation et la prise de d\u00e9cision, j&rsquo;ai pu quitter un emploi insatisfaisant et d\u00e9marrer ma propre entreprise. Aujourd&rsquo;hui, je vis ma passion et je suis reconnaissante envers Guido pour son inspiration.\u00a0\u00bb<\/li>\n\n\n\n<li><strong>Marc, 42 ans :<\/strong> \u00ab\u00a0Les formations de Guido Saverio m&rsquo;ont aid\u00e9 \u00e0 surmonter mes peurs et mes doutes. En suivant ses conseils sur la gestion du stress et la communication efficace, j&rsquo;ai am\u00e9lior\u00e9 mes relations professionnelles et personnelles. Je me sens plus confiant et \u00e9panoui que jamais.\u00a0\u00bb<\/li>\n\n\n\n<li><strong>Emily, 28 ans :<\/strong> \u00ab\u00a0Les guides pratiques de Guido Saverio m&rsquo;ont appris l&rsquo;importance de l&rsquo;\u00e9quilibre entre travail et vie personnelle. Gr\u00e2ce \u00e0 ses conseils sur la gestion du temps et la priorisation des t\u00e2ches, j&rsquo;ai pu retrouver du temps pour mes passions et mes proches. Je me sens plus \u00e9quilibr\u00e9e et \u00e9panouie.\u00a0\u00bb<\/li>\n\n\n\n<li><strong>Alexandre, 45 ans :<\/strong> \u00ab\u00a0Les conseils de Guido Saverio m&rsquo;ont permis de surmonter une p\u00e9riode de d\u00e9pression et d&rsquo;anxi\u00e9t\u00e9. Ses techniques de m\u00e9ditation et de gestion des \u00e9motions m&rsquo;ont aid\u00e9 \u00e0 retrouver un sentiment de paix int\u00e9rieure. Je suis reconnaissant envers Guido pour m&rsquo;avoir montr\u00e9 la voie vers le bien-\u00eatre.\u00a0\u00bb<\/li>\n\n\n\n<li><strong>L\u00e9a, 30 ans :<\/strong> \u00ab\u00a0Les formations de d\u00e9veloppement personnel de Guido Saverio m&rsquo;ont aid\u00e9 \u00e0 prendre conscience de mes croyances limitantes et \u00e0 les remplacer par des pens\u00e9es positives. Gr\u00e2ce \u00e0 ses conseils sur la visualisation et l&rsquo;affirmation de soi, j&rsquo;ai pu surmonter mes obstacles et r\u00e9aliser mes r\u00eaves.\u00a0\u00bb<\/li>\n\n\n\n<li><strong>Nicolas, 38 ans :<\/strong> \u00ab\u00a0Les livres de Guido Saverio m&rsquo;ont inspir\u00e9 \u00e0 revoir mes objectifs de vie et \u00e0 les aligner avec mes valeurs profondes. En suivant ses conseils sur la planification strat\u00e9gique et la pers\u00e9v\u00e9rance, j&rsquo;ai r\u00e9ussi \u00e0 atteindre des objectifs que je pensais inaccessibles auparavant.\u00a0\u00bb<\/li>\n\n\n\n<li><strong>Camille, 25 ans :<\/strong> \u00ab\u00a0Les conseils de Guido Saverio sur le d\u00e9veloppement de l&rsquo;estime de soi m&rsquo;ont aid\u00e9 \u00e0 surmonter mes doutes et mes ins\u00e9curit\u00e9s. Gr\u00e2ce \u00e0 ses exercices pratiques et ses encouragements, j&rsquo;ai pu lib\u00e9rer mon potentiel et prendre des d\u00e9cisions audacieuses pour ma vie.\u00a0\u00bb<\/li>\n\n\n\n<li><strong>Thomas, 50 ans :<\/strong> \u00ab\u00a0Les guides de d\u00e9veloppement personnel de Guido Saverio m&rsquo;ont aid\u00e9 \u00e0 cultiver une mentalit\u00e9 de gratitude et \u00e0 trouver du sens dans les d\u00e9fis de la vie. En suivant ses conseils sur la r\u00e9silience et la pens\u00e9e positive, j&rsquo;ai pu transformer mes \u00e9preuves en opportunit\u00e9s de croissance.\u00a0\u00bb<\/li>\n\n\n\n<li><strong>Clara, 33 ans :<\/strong> \u00ab\u00a0Les formations en leadership de Guido Saverio m&rsquo;ont permis de d\u00e9velopper mes comp\u00e9tences de communication et de gestion d&rsquo;\u00e9quipe. Gr\u00e2ce \u00e0 ses conseils sur le leadership authentique et la collaboration, j&rsquo;ai pu progresser dans ma carri\u00e8re et inspirer les autres autour de moi.\u00a0\u00bb<\/li>\n\n\n\n<li><strong>David, 40 ans :<\/strong> \u00ab\u00a0Les conseils de d\u00e9veloppement personnel de Guido Saverio m&rsquo;ont aid\u00e9 \u00e0 trouver un \u00e9quilibre entre ambition professionnelle et bien-\u00eatre personnel. En suivant ses conseils sur la gestion du stress et la recherche de sens, j&rsquo;ai pu avancer dans ma carri\u00e8re tout en pr\u00e9servant ma sant\u00e9 mentale et physique.\u00a0\u00bb<\/li>\n<\/ol>\n\n\n\n<p>Ces t\u00e9moignages de la fa\u00e7on dont les conseils et r\u00e9alisations de Guido SAVERIO peuvent avoir un impact positif sur la vie des gens.<\/p>\n","protected":false},"excerpt":{"rendered":"<p>comment les conseils , les formations, les livres ,les guides de Guido SAVERIO ont transform\u00e9 leur vie Depuis 1984, Guido Saverio s&rsquo;est engag\u00e9 passionn\u00e9ment dans le domaine du d\u00e9veloppement personnel, offrant ses conseils, ses formations, et partageant sa sagesse \u00e0&#8230; <a href=\"https:\/\/guido-saverio-coach.com\/?page_id=871\" class=\"readmore\">Read more<span class=\"screen-reader-text\">** TEMOIGNAGES **<\/span><span class=\"fa fa-angle-double-right\" aria-hidden=\"true\"><\/span><\/a><\/p>\n","protected":false},"author":1,"featured_media":0,"parent":0,"menu_order":0,"comment_status":"closed","ping_status":"closed","template":"","meta":{"footnotes":""},"_links":{"self":[{"href":"https:\/\/guido-saverio-coach.com\/index.php?rest_route=\/wp\/v2\/pages\/871"}],"collection":[{"href":"https:\/\/guido-saverio-coach.com\/index.php?rest_route=\/wp\/v2\/pages"}],"about":[{"href":"https:\/\/guido-saverio-coach.com\/index.php?rest_route=\/wp\/v2\/types\/page"}],"author":[{"embeddable":true,"href":"https:\/\/guido-saverio-coach.com\/index.php?rest_route=\/wp\/v2\/users\/1"}],"replies":[{"embeddable":true,"href":"https:\/\/guido-saverio-coach.com\/index.php?rest_route=%2Fwp%2Fv2%2Fcomments&post=871"}],"version-history":[{"count":3,"href":"https:\/\/guido-saverio-coach.com\/index.php?rest_route=\/wp\/v2\/pages\/871\/revisions"}],"predecessor-version":[{"id":1391,"href":"https:\/\/guido-saverio-coach.com\/index.php?rest_route=\/wp\/v2\/pages\/871\/revisions\/1391"}],"wp:attachment":[{"href":"https:\/\/guido-saverio-coach.com\/index.php?rest_route=%2Fwp%2Fv2%2Fmedia&parent=871"}],"curies":[{"name":"wp","href":"https:\/\/api.w.org\/{rel}","templated":true}]}}