{"id":88,"date":"2023-08-20T22:17:20","date_gmt":"2023-08-20T20:17:20","guid":{"rendered":"https:\/\/guido-saverio-coach.com\/?page_id=88"},"modified":"2023-09-08T23:04:18","modified_gmt":"2023-09-08T21:04:18","slug":"au-dela-des-sens-naviguer-la-quete-de-sens-a-travers-la-spiritualite-2","status":"publish","type":"page","link":"https:\/\/guido-saverio-coach.com\/?page_id=88","title":{"rendered":"LIVRE &#8211; Au-Del\u00e0 des Sens &#8211; Naviguer la Qu\u00eate de Sens \u00e0 travers la Spiritualit\u00e9"},"content":{"rendered":"\n<p><strong>ecrit par guido saverio<\/strong><\/p>\n\n\n<div class=\"wp-block-image\">\n<figure class=\"aligncenter size-large is-resized\"><img loading=\"lazy\" decoding=\"async\" src=\"https:\/\/guido-saverio-coach.com\/wp-content\/uploads\/2023\/08\/Femmes-Silencieuses-Thriller-Kindle-Couverture-642x1024.png\" alt=\"\" class=\"wp-image-104\" style=\"width:224px;height:358px\" width=\"224\" height=\"358\" srcset=\"https:\/\/guido-saverio-coach.com\/wp-content\/uploads\/2023\/08\/Femmes-Silencieuses-Thriller-Kindle-Couverture-642x1024.png 642w, https:\/\/guido-saverio-coach.com\/wp-content\/uploads\/2023\/08\/Femmes-Silencieuses-Thriller-Kindle-Couverture-188x300.png 188w, https:\/\/guido-saverio-coach.com\/wp-content\/uploads\/2023\/08\/Femmes-Silencieuses-Thriller-Kindle-Couverture-768x1226.png 768w, https:\/\/guido-saverio-coach.com\/wp-content\/uploads\/2023\/08\/Femmes-Silencieuses-Thriller-Kindle-Couverture-963x1536.png 963w, https:\/\/guido-saverio-coach.com\/wp-content\/uploads\/2023\/08\/Femmes-Silencieuses-Thriller-Kindle-Couverture-1283x2048.png 1283w, https:\/\/guido-saverio-coach.com\/wp-content\/uploads\/2023\/08\/Femmes-Silencieuses-Thriller-Kindle-Couverture.png 1410w\" sizes=\"(max-width: 224px) 100vw, 224px\" \/><\/figure><\/div>\n\n\n<p>DESCRIPTION<\/p>\n\n\n\n<figure class=\"wp-block-audio\"><audio controls src=\"https:\/\/guido-saverio-coach.com\/wp-content\/uploads\/2023\/08\/description-Au-Dela-des-Sens-.mp3\"><\/audio><\/figure>\n\n\n\n<p>PRESENTATION<\/p>\n\n\n\n<figure class=\"wp-block-audio\"><audio controls src=\"https:\/\/guido-saverio-coach.com\/wp-content\/uploads\/2023\/08\/Presentation-Au-Dela-des-Sens.mp3\"><\/audio><\/figure>\n\n\n\n<p><\/p>\n\n\n\n<p><strong>Sommaire<\/strong><\/p>\n\n\n\n<p><strong>Introduction<\/strong><\/p>\n\n\n\n<ul>\n<li>Pr\u00e9sentation du concept de qu\u00eate de sens et de son importance dans la vie moderne.<\/li>\n\n\n\n<li>Introduction \u00e0 la spiritualit\u00e9 en tant que voie pour explorer la qu\u00eate de sens.<\/li>\n<\/ul>\n\n\n\n<figure class=\"wp-block-audio\"><audio controls src=\"https:\/\/guido-saverio-coach.com\/wp-content\/uploads\/2023\/08\/Introduction-Au-Dela-des-Sens-1.mp3\"><\/audio><\/figure>\n\n\n\n<p><strong>Chapitre 1 : Les Fondements de la Qu\u00eate de Sens<\/strong><\/p>\n\n\n\n<ul>\n<li>Exploration des raisons qui poussent les individus \u00e0 rechercher un sens plus profond dans leur vie.<\/li>\n\n\n\n<li>Analyse des aspects culturels, psychologiques et philosophiques li\u00e9s \u00e0 la qu\u00eate de sens.<\/li>\n<\/ul>\n\n\n\n<figure class=\"wp-block-audio\"><audio controls src=\"https:\/\/guido-saverio-coach.com\/wp-content\/uploads\/2023\/08\/Chapitre-1-Les-Fondements-de-la-Quete-de-Sens.mp3\"><\/audio><\/figure>\n\n\n\n<p><strong>Chapitre 2 : La Spiritualit\u00e9 en Perspective<\/strong><\/p>\n\n\n\n<ul>\n<li>D\u00e9finition de la spiritualit\u00e9 et de son r\u00f4le dans la recherche de sens.<\/li>\n\n\n\n<li>Diff\u00e9rentes approches spirituelles \u00e0 travers les cultures et les traditions.<\/li>\n<\/ul>\n\n\n\n<figure class=\"wp-block-audio\"><audio controls src=\"https:\/\/guido-saverio-coach.com\/wp-content\/uploads\/2023\/08\/Chapitre-2-La-Spiritualite-en-Perspective.mp3\"><\/audio><\/figure>\n\n\n\n<p><strong>Chapitre 3 : Les Dimensions de la Spiritualit\u00e9<\/strong><\/p>\n\n\n\n<ul>\n<li>Exploration des dimensions vari\u00e9es de la spiritualit\u00e9, telles que la m\u00e9ditation, la pri\u00e8re, la connexion avec la nature, etc.<\/li>\n\n\n\n<li>Discussion sur la mani\u00e8re dont chaque dimension peut contribuer \u00e0 la qu\u00eate de sens.<\/li>\n<\/ul>\n\n\n\n<figure class=\"wp-block-audio\"><audio controls src=\"https:\/\/guido-saverio-coach.com\/wp-content\/uploads\/2023\/08\/Chapitre-3-Les-Dimensions-de-la-Spiritualite.mp3\"><\/audio><\/figure>\n\n\n\n<p><strong>Chapitre 4 : Les Enseignements des Sages<\/strong><\/p>\n\n\n\n<ul>\n<li>Pr\u00e9sentation des enseignements et des sagesses provenant de diverses traditions spirituelles.<\/li>\n\n\n\n<li>Exemples d&rsquo;histoires inspirantes de personnes ayant trouv\u00e9 un sens plus profond gr\u00e2ce \u00e0 leur pratique spirituelle.<\/li>\n<\/ul>\n\n\n\n<figure class=\"wp-block-audio\"><audio controls src=\"https:\/\/guido-saverio-coach.com\/wp-content\/uploads\/2023\/08\/Chapitre-4-Les-Enseignements-des-Sages.mp3\"><\/audio><\/figure>\n\n\n\n<p><strong>Chapitre 5 : La Qu\u00eate de Soi \u00e0 Travers la Spiritualit\u00e9<\/strong><\/p>\n\n\n\n<ul>\n<li>Exploration de la mani\u00e8re dont la spiritualit\u00e9 peut aider \u00e0 d\u00e9couvrir sa v\u00e9ritable identit\u00e9 et \u00e0 se connecter avec son moi int\u00e9rieur.<\/li>\n\n\n\n<li>R\u00e9flexion sur la mani\u00e8re dont cette connaissance de soi contribue \u00e0 la qu\u00eate de sens.<\/li>\n<\/ul>\n\n\n\n<figure class=\"wp-block-audio\"><audio controls src=\"https:\/\/guido-saverio-coach.com\/wp-content\/uploads\/2023\/08\/Chapitre-5-La-Quete-de-Soi-a-Travers-la-Spiritualite.mp3\"><\/audio><\/figure>\n\n\n\n<p><strong>Chapitre 6 : D\u00e9passer les Obstacles<\/strong><\/p>\n\n\n\n<ul>\n<li>Identification et discussion des obstacles courants sur le chemin de la qu\u00eate de sens par le biais de la spiritualit\u00e9.<\/li>\n\n\n\n<li>Conseils et techniques pour surmonter ces obstacles et poursuivre la recherche de mani\u00e8re \u00e9panouissante.<\/li>\n<\/ul>\n\n\n\n<figure class=\"wp-block-audio\"><audio controls src=\"https:\/\/guido-saverio-coach.com\/wp-content\/uploads\/2023\/08\/Chapitre-6-Depasser-les-Obstacles.mp3\"><\/audio><\/figure>\n\n\n\n<p><strong>Chapitre 7 : Int\u00e9gration dans la Vie Moderne<\/strong><\/p>\n\n\n\n<ul>\n<li>R\u00e9flexion sur la mani\u00e8re dont la spiritualit\u00e9 et la qu\u00eate de sens s&rsquo;int\u00e8grent dans un monde moderne et souvent agit\u00e9.<\/li>\n\n\n\n<li>Suggestions pour maintenir une pratique spirituelle significative malgr\u00e9 les d\u00e9fis de la vie quotidienne.<\/li>\n<\/ul>\n\n\n\n<figure class=\"wp-block-audio\"><audio controls src=\"https:\/\/guido-saverio-coach.com\/wp-content\/uploads\/2023\/08\/Chapitre-7-Integration-dans-la-Vie-Moderne.mp3\"><\/audio><\/figure>\n\n\n\n<p><strong>Chapitre 8 : La Qu\u00eate de Sens Comme Voyage Continu<\/strong><\/p>\n\n\n\n<ul>\n<li>Discussion sur la nature continue de la qu\u00eate de sens et de la croissance spirituelle.<\/li>\n\n\n\n<li>Exploration des moyens de maintenir un engagement constant envers la recherche de sens tout au long de la vie.<\/li>\n<\/ul>\n\n\n\n<figure class=\"wp-block-audio\"><audio controls src=\"https:\/\/guido-saverio-coach.com\/wp-content\/uploads\/2023\/08\/Chapitre-8-La-Quete-de-Sens-Comme-Voyage-Continu.mp3\"><\/audio><\/figure>\n\n\n\n<p><strong>Conclusion<\/strong><\/p>\n\n\n\n<ul>\n<li>R\u00e9capitulation des id\u00e9es cl\u00e9s pr\u00e9sent\u00e9es dans le livre.<\/li>\n\n\n\n<li>Encouragement \u00e0 poursuivre la recherche de sens \u00e0 travers la spiritualit\u00e9 et l&rsquo;\u00e9panouissement personnel.<\/li>\n<\/ul>\n\n\n\n<figure class=\"wp-block-audio\"><audio controls src=\"https:\/\/guido-saverio-coach.com\/wp-content\/uploads\/2023\/08\/Conclusion.mp3\"><\/audio><\/figure>\n","protected":false},"excerpt":{"rendered":"<p>ecrit par guido saverio DESCRIPTION PRESENTATION Sommaire Introduction Chapitre 1 : Les Fondements de la Qu\u00eate de Sens Chapitre 2 : La Spiritualit\u00e9 en Perspective Chapitre 3 : Les Dimensions de la Spiritualit\u00e9 Chapitre 4 : Les Enseignements des Sages&#8230; <a href=\"https:\/\/guido-saverio-coach.com\/?page_id=88\" class=\"readmore\">Read more<span class=\"screen-reader-text\">LIVRE &#8211; Au-Del\u00e0 des Sens &#8211; Naviguer la Qu\u00eate de Sens \u00e0 travers la Spiritualit\u00e9<\/span><span class=\"fa fa-angle-double-right\" aria-hidden=\"true\"><\/span><\/a><\/p>\n","protected":false},"author":1,"featured_media":0,"parent":0,"menu_order":0,"comment_status":"closed","ping_status":"closed","template":"","meta":{"footnotes":""},"_links":{"self":[{"href":"https:\/\/guido-saverio-coach.com\/index.php?rest_route=\/wp\/v2\/pages\/88"}],"collection":[{"href":"https:\/\/guido-saverio-coach.com\/index.php?rest_route=\/wp\/v2\/pages"}],"about":[{"href":"https:\/\/guido-saverio-coach.com\/index.php?rest_route=\/wp\/v2\/types\/page"}],"author":[{"embeddable":true,"href":"https:\/\/guido-saverio-coach.com\/index.php?rest_route=\/wp\/v2\/users\/1"}],"replies":[{"embeddable":true,"href":"https:\/\/guido-saverio-coach.com\/index.php?rest_route=%2Fwp%2Fv2%2Fcomments&post=88"}],"version-history":[{"count":4,"href":"https:\/\/guido-saverio-coach.com\/index.php?rest_route=\/wp\/v2\/pages\/88\/revisions"}],"predecessor-version":[{"id":378,"href":"https:\/\/guido-saverio-coach.com\/index.php?rest_route=\/wp\/v2\/pages\/88\/revisions\/378"}],"wp:attachment":[{"href":"https:\/\/guido-saverio-coach.com\/index.php?rest_route=%2Fwp%2Fv2%2Fmedia&parent=88"}],"curies":[{"name":"wp","href":"https:\/\/api.w.org\/{rel}","templated":true}]}}